{"id":8632,"date":"2021-10-23T19:29:29","date_gmt":"2021-10-23T19:29:29","guid":{"rendered":"http:\/\/24mobler.se\/?page_id=8632"},"modified":"2021-11-17T10:46:32","modified_gmt":"2021-11-17T10:46:32","slug":"begagnade-mobler","status":"publish","type":"page","link":"https:\/\/24mobler.se\/en\/begagnade-mobler\/","title":{"rendered":"Begagnade m\u00f6bler"},"content":{"rendered":"<div data-elementor-type=\"wp-page\" data-elementor-id=\"8632\" class=\"elementor elementor-8632\">\n\t\t\t\t\t\t<section class=\"elementor-section elementor-top-section elementor-element elementor-element-155ba518 elementor-section-boxed elementor-section-height-default elementor-section-height-default\" data-id=\"155ba518\" data-element_type=\"section\" data-e-type=\"section\">\n\t\t\t\t\t\t<div class=\"elementor-container elementor-column-gap-default\">\n\t\t\t\t\t<div class=\"elementor-column elementor-col-100 elementor-top-column elementor-element elementor-element-4703061e\" data-id=\"4703061e\" data-element_type=\"column\" data-e-type=\"column\">\n\t\t\t<div class=\"elementor-widget-wrap\">\n\t\t\t\t\t\t\t<\/div>\n\t\t<\/div>\n\t\t\t\t\t<\/div>\n\t\t<\/section>\n\t\t\t\t<\/div>","protected":false},"excerpt":{"rendered":"<p>Select options 3,000.00\u00a0krRated 0 out of 5 BOSCH kylsk\u00e5p &nbsp; Select options 500.00\u00a0krRated 0 out of 5 Spegel &nbsp; Select options 800.00\u00a0krRated 0 out of 5 SMINKBORD &nbsp; Select options 800.00\u00a0krRated 0 out of 5 Kontorstol &nbsp; Select options 3,000.00\u00a0krRated 0 out of 5 Utem\u00f6bler &nbsp; Select options 3,000.00\u00a0krRated 0 out of 5 Matgrupp VILJAMO [&hellip;]<\/p>\n","protected":false},"author":2,"featured_media":0,"parent":0,"menu_order":0,"comment_status":"closed","ping_status":"closed","template":"","meta":{"_monsterinsights_skip_tracking":false,"_monsterinsights_sitenote_active":false,"_monsterinsights_sitenote_note":"","_monsterinsights_sitenote_category":0,"site-sidebar-layout":"no-sidebar","site-content-layout":"page-builder","ast-site-content-layout":"default","site-content-style":"default","site-sidebar-style":"default","ast-global-header-display":"","ast-banner-title-visibility":"","ast-main-header-display":"","ast-hfb-above-header-display":"","ast-hfb-below-header-display":"","ast-hfb-mobile-header-display":"","site-post-title":"disabled","ast-breadcrumbs-content":"","ast-featured-img":"disabled","footer-sml-layout":"","ast-disable-related-posts":"","theme-transparent-header-meta":"default","adv-header-id-meta":"","stick-header-meta":"","header-above-stick-meta":"","header-main-stick-meta":"","header-below-stick-meta":"","astra-migrate-meta-layouts":"default","ast-page-background-enabled":"default","ast-page-background-meta":{"desktop":{"background-color":"var(--ast-global-color-4)","background-image":"","background-repeat":"repeat","background-position":"center center","background-size":"auto","background-attachment":"scroll","background-type":"","background-media":"","overlay-type":"","overlay-color":"","overlay-opacity":"","overlay-gradient":""},"tablet":{"background-color":"","background-image":"","background-repeat":"repeat","background-position":"center center","background-size":"auto","background-attachment":"scroll","background-type":"","background-media":"","overlay-type":"","overlay-color":"","overlay-opacity":"","overlay-gradient":""},"mobile":{"background-color":"","background-image":"","background-repeat":"repeat","background-position":"center center","background-size":"auto","background-attachment":"scroll","background-type":"","background-media":"","overlay-type":"","overlay-color":"","overlay-opacity":"","overlay-gradient":""}},"ast-content-background-meta":{"desktop":{"background-color":"var(--ast-global-color-5)","background-image":"","background-repeat":"repeat","background-position":"center center","background-size":"auto","background-attachment":"scroll","background-type":"","background-media":"","overlay-type":"","overlay-color":"","overlay-opacity":"","overlay-gradient":""},"tablet":{"background-color":"var(--ast-global-color-5)","background-image":"","background-repeat":"repeat","background-position":"center center","background-size":"auto","background-attachment":"scroll","background-type":"","background-media":"","overlay-type":"","overlay-color":"","overlay-opacity":"","overlay-gradient":""},"mobile":{"background-color":"var(--ast-global-color-5)","background-image":"","background-repeat":"repeat","background-position":"center center","background-size":"auto","background-attachment":"scroll","background-type":"","background-media":"","overlay-type":"","overlay-color":"","overlay-opacity":"","overlay-gradient":""}},"footnotes":""},"class_list":["post-8632","page","type-page","status-publish","hentry"],"yoast_head":"<!-- This site is optimized with the Yoast SEO plugin v27.4 - https:\/\/yoast.com\/product\/yoast-seo-wordpress\/ -->\n<title>Begagnade m\u00f6bler 24m\u00f6bler - 24m\u00f6bler<\/title>\n<meta name=\"description\" content=\"Bra och moderna anv\u00e4nda soffor, s\u00e4ngar eller andra m\u00f6bler med leverans inom 24 timmar och express montering. Best\u00e4ll idag! F\u00e5 idag!\" \/>\n<meta name=\"robots\" content=\"index, follow, max-snippet:-1, max-image-preview:large, max-video-preview:-1\" \/>\n<link rel=\"canonical\" href=\"https:\/\/24mobler.se\/en\/begagnade-mobler\/\" \/>\n<meta property=\"og:locale\" content=\"en_GB\" \/>\n<meta property=\"og:type\" content=\"article\" \/>\n<meta property=\"og:title\" content=\"Begagnade m\u00f6bler 24m\u00f6bler - 24m\u00f6bler\" \/>\n<meta property=\"og:description\" content=\"Bra och moderna anv\u00e4nda soffor, s\u00e4ngar eller andra m\u00f6bler med leverans inom 24 timmar och express montering. Best\u00e4ll idag! F\u00e5 idag!\" \/>\n<meta property=\"og:url\" content=\"https:\/\/24mobler.se\/en\/begagnade-mobler\/\" \/>\n<meta property=\"og:site_name\" content=\"24m\u00f6bler\" \/>\n<meta property=\"article:modified_time\" content=\"2021-11-17T10:46:32+00:00\" \/>\n<meta property=\"og:image\" content=\"http:\/\/24mobler.se\/wp-content\/uploads\/2021\/10\/Garderob-med-skjutdorrae-och-spegel2-450x300.jpg\" \/>\n<meta name=\"twitter:card\" content=\"summary_large_image\" \/>\n<meta name=\"twitter:label1\" content=\"Estimated reading time\" \/>\n\t<meta name=\"twitter:data1\" content=\"1 minute\" \/>\n<script type=\"application\/ld+json\" class=\"yoast-schema-graph\">{\"@context\":\"https:\\\/\\\/schema.org\",\"@graph\":[{\"@type\":\"WebPage\",\"@id\":\"https:\\\/\\\/24mobler.se\\\/begagnade-mobler\\\/\",\"url\":\"https:\\\/\\\/24mobler.se\\\/begagnade-mobler\\\/\",\"name\":\"Begagnade m\u00f6bler 24m\u00f6bler - 24m\u00f6bler\",\"isPartOf\":{\"@id\":\"https:\\\/\\\/24mobler.se\\\/#website\"},\"primaryImageOfPage\":{\"@id\":\"https:\\\/\\\/24mobler.se\\\/begagnade-mobler\\\/#primaryimage\"},\"image\":{\"@id\":\"https:\\\/\\\/24mobler.se\\\/begagnade-mobler\\\/#primaryimage\"},\"thumbnailUrl\":\"http:\\\/\\\/24mobler.se\\\/wp-content\\\/uploads\\\/2021\\\/10\\\/Garderob-med-skjutdorrae-och-spegel2-450x300.jpg\",\"datePublished\":\"2021-10-23T19:29:29+00:00\",\"dateModified\":\"2021-11-17T10:46:32+00:00\",\"description\":\"Bra och moderna anv\u00e4nda soffor, s\u00e4ngar eller andra m\u00f6bler med leverans inom 24 timmar och express montering. Best\u00e4ll idag! F\u00e5 idag!\",\"breadcrumb\":{\"@id\":\"https:\\\/\\\/24mobler.se\\\/begagnade-mobler\\\/#breadcrumb\"},\"inLanguage\":\"en-GB\",\"potentialAction\":[{\"@type\":\"ReadAction\",\"target\":[\"https:\\\/\\\/24mobler.se\\\/begagnade-mobler\\\/\"]}]},{\"@type\":\"ImageObject\",\"inLanguage\":\"en-GB\",\"@id\":\"https:\\\/\\\/24mobler.se\\\/begagnade-mobler\\\/#primaryimage\",\"url\":\"http:\\\/\\\/24mobler.se\\\/wp-content\\\/uploads\\\/2021\\\/10\\\/Garderob-med-skjutdorrae-och-spegel2-450x300.jpg\",\"contentUrl\":\"http:\\\/\\\/24mobler.se\\\/wp-content\\\/uploads\\\/2021\\\/10\\\/Garderob-med-skjutdorrae-och-spegel2-450x300.jpg\"},{\"@type\":\"BreadcrumbList\",\"@id\":\"https:\\\/\\\/24mobler.se\\\/begagnade-mobler\\\/#breadcrumb\",\"itemListElement\":[{\"@type\":\"ListItem\",\"position\":1,\"name\":\"Home\",\"item\":\"https:\\\/\\\/24mobler.se\\\/\"},{\"@type\":\"ListItem\",\"position\":2,\"name\":\"Begagnade m\u00f6bler\"}]},{\"@type\":\"WebSite\",\"@id\":\"https:\\\/\\\/24mobler.se\\\/#website\",\"url\":\"https:\\\/\\\/24mobler.se\\\/\",\"name\":\"24m\u00f6bler\",\"description\":\"Nya &amp; begagnade m\u00f6bler\",\"publisher\":{\"@id\":\"https:\\\/\\\/24mobler.se\\\/#organization\"},\"potentialAction\":[{\"@type\":\"SearchAction\",\"target\":{\"@type\":\"EntryPoint\",\"urlTemplate\":\"https:\\\/\\\/24mobler.se\\\/?s={search_term_string}\"},\"query-input\":{\"@type\":\"PropertyValueSpecification\",\"valueRequired\":true,\"valueName\":\"search_term_string\"}}],\"inLanguage\":\"en-GB\"},{\"@type\":\"Organization\",\"@id\":\"https:\\\/\\\/24mobler.se\\\/#organization\",\"name\":\"m\u00f6bler\",\"url\":\"https:\\\/\\\/24mobler.se\\\/\",\"logo\":{\"@type\":\"ImageObject\",\"inLanguage\":\"en-GB\",\"@id\":\"https:\\\/\\\/24mobler.se\\\/#\\\/schema\\\/logo\\\/image\\\/\",\"url\":\"https:\\\/\\\/24mobler.se\\\/wp-content\\\/uploads\\\/2022\\\/01\\\/Group-23.png\",\"contentUrl\":\"https:\\\/\\\/24mobler.se\\\/wp-content\\\/uploads\\\/2022\\\/01\\\/Group-23.png\",\"width\":899,\"height\":155,\"caption\":\"m\u00f6bler\"},\"image\":{\"@id\":\"https:\\\/\\\/24mobler.se\\\/#\\\/schema\\\/logo\\\/image\\\/\"}}]}<\/script>\n<!-- \/ Yoast SEO plugin. -->","yoast_head_json":{"title":"Begagnade m\u00f6bler 24m\u00f6bler - 24m\u00f6bler","description":"Bra och moderna anv\u00e4nda soffor, s\u00e4ngar eller andra m\u00f6bler med leverans inom 24 timmar och express montering. Best\u00e4ll idag! F\u00e5 idag!","robots":{"index":"index","follow":"follow","max-snippet":"max-snippet:-1","max-image-preview":"max-image-preview:large","max-video-preview":"max-video-preview:-1"},"canonical":"https:\/\/24mobler.se\/en\/begagnade-mobler\/","og_locale":"en_GB","og_type":"article","og_title":"Begagnade m\u00f6bler 24m\u00f6bler - 24m\u00f6bler","og_description":"Bra och moderna anv\u00e4nda soffor, s\u00e4ngar eller andra m\u00f6bler med leverans inom 24 timmar och express montering. Best\u00e4ll idag! F\u00e5 idag!","og_url":"https:\/\/24mobler.se\/en\/begagnade-mobler\/","og_site_name":"24m\u00f6bler","article_modified_time":"2021-11-17T10:46:32+00:00","og_image":[{"url":"http:\/\/24mobler.se\/wp-content\/uploads\/2021\/10\/Garderob-med-skjutdorrae-och-spegel2-450x300.jpg","type":"","width":"","height":""}],"twitter_card":"summary_large_image","twitter_misc":{"Estimated reading time":"1 minute"},"schema":{"@context":"https:\/\/schema.org","@graph":[{"@type":"WebPage","@id":"https:\/\/24mobler.se\/begagnade-mobler\/","url":"https:\/\/24mobler.se\/begagnade-mobler\/","name":"Begagnade m\u00f6bler 24m\u00f6bler - 24m\u00f6bler","isPartOf":{"@id":"https:\/\/24mobler.se\/#website"},"primaryImageOfPage":{"@id":"https:\/\/24mobler.se\/begagnade-mobler\/#primaryimage"},"image":{"@id":"https:\/\/24mobler.se\/begagnade-mobler\/#primaryimage"},"thumbnailUrl":"http:\/\/24mobler.se\/wp-content\/uploads\/2021\/10\/Garderob-med-skjutdorrae-och-spegel2-450x300.jpg","datePublished":"2021-10-23T19:29:29+00:00","dateModified":"2021-11-17T10:46:32+00:00","description":"Bra och moderna anv\u00e4nda soffor, s\u00e4ngar eller andra m\u00f6bler med leverans inom 24 timmar och express montering. Best\u00e4ll idag! F\u00e5 idag!","breadcrumb":{"@id":"https:\/\/24mobler.se\/begagnade-mobler\/#breadcrumb"},"inLanguage":"en-GB","potentialAction":[{"@type":"ReadAction","target":["https:\/\/24mobler.se\/begagnade-mobler\/"]}]},{"@type":"ImageObject","inLanguage":"en-GB","@id":"https:\/\/24mobler.se\/begagnade-mobler\/#primaryimage","url":"http:\/\/24mobler.se\/wp-content\/uploads\/2021\/10\/Garderob-med-skjutdorrae-och-spegel2-450x300.jpg","contentUrl":"http:\/\/24mobler.se\/wp-content\/uploads\/2021\/10\/Garderob-med-skjutdorrae-och-spegel2-450x300.jpg"},{"@type":"BreadcrumbList","@id":"https:\/\/24mobler.se\/begagnade-mobler\/#breadcrumb","itemListElement":[{"@type":"ListItem","position":1,"name":"Home","item":"https:\/\/24mobler.se\/"},{"@type":"ListItem","position":2,"name":"Begagnade m\u00f6bler"}]},{"@type":"WebSite","@id":"https:\/\/24mobler.se\/#website","url":"https:\/\/24mobler.se\/","name":"24m\u00f6bler","description":"Nya &amp; begagnade m\u00f6bler","publisher":{"@id":"https:\/\/24mobler.se\/#organization"},"potentialAction":[{"@type":"SearchAction","target":{"@type":"EntryPoint","urlTemplate":"https:\/\/24mobler.se\/?s={search_term_string}"},"query-input":{"@type":"PropertyValueSpecification","valueRequired":true,"valueName":"search_term_string"}}],"inLanguage":"en-GB"},{"@type":"Organization","@id":"https:\/\/24mobler.se\/#organization","name":"m\u00f6bler","url":"https:\/\/24mobler.se\/","logo":{"@type":"ImageObject","inLanguage":"en-GB","@id":"https:\/\/24mobler.se\/#\/schema\/logo\/image\/","url":"https:\/\/24mobler.se\/wp-content\/uploads\/2022\/01\/Group-23.png","contentUrl":"https:\/\/24mobler.se\/wp-content\/uploads\/2022\/01\/Group-23.png","width":899,"height":155,"caption":"m\u00f6bler"},"image":{"@id":"https:\/\/24mobler.se\/#\/schema\/logo\/image\/"}}]}},"_links":{"self":[{"href":"https:\/\/24mobler.se\/en\/wp-json\/wp\/v2\/pages\/8632","targetHints":{"allow":["GET"]}}],"collection":[{"href":"https:\/\/24mobler.se\/en\/wp-json\/wp\/v2\/pages"}],"about":[{"href":"https:\/\/24mobler.se\/en\/wp-json\/wp\/v2\/types\/page"}],"author":[{"embeddable":true,"href":"https:\/\/24mobler.se\/en\/wp-json\/wp\/v2\/users\/2"}],"replies":[{"embeddable":true,"href":"https:\/\/24mobler.se\/en\/wp-json\/wp\/v2\/comments?post=8632"}],"version-history":[{"count":5,"href":"https:\/\/24mobler.se\/en\/wp-json\/wp\/v2\/pages\/8632\/revisions"}],"predecessor-version":[{"id":13289,"href":"https:\/\/24mobler.se\/en\/wp-json\/wp\/v2\/pages\/8632\/revisions\/13289"}],"wp:attachment":[{"href":"https:\/\/24mobler.se\/en\/wp-json\/wp\/v2\/media?parent=8632"}],"curies":[{"name":"wp","href":"https:\/\/api.w.org\/{rel}","templated":true}]}}