{"id":277,"date":"2021-10-17T19:46:52","date_gmt":"2021-10-17T19:46:52","guid":{"rendered":"http:\/\/24mobler.se\/speakers\/"},"modified":"2021-11-17T10:49:40","modified_gmt":"2021-11-17T10:49:40","slug":"flytt","status":"publish","type":"page","link":"https:\/\/24mobler.se\/en\/flytt\/","title":{"rendered":"Flytt"},"content":{"rendered":"<div data-elementor-type=\"wp-page\" data-elementor-id=\"277\" class=\"elementor elementor-277\">\n\t\t\t\t\t\t<section class=\"elementor-section elementor-top-section elementor-element elementor-element-24471d33 elementor-section-height-min-height elementor-section-boxed elementor-section-height-default elementor-section-items-middle\" data-id=\"24471d33\" data-element_type=\"section\" data-e-type=\"section\" data-settings=\"{&quot;background_background&quot;:&quot;classic&quot;}\">\n\t\t\t\t\t\t\t<div class=\"elementor-background-overlay\"><\/div>\n\t\t\t\t\t\t\t<div class=\"elementor-container elementor-column-gap-default\">\n\t\t\t\t\t<div class=\"elementor-column elementor-col-100 elementor-top-column elementor-element elementor-element-4000cfad\" data-id=\"4000cfad\" data-element_type=\"column\" data-e-type=\"column\" data-settings=\"{&quot;background_background&quot;:&quot;classic&quot;}\">\n\t\t\t<div class=\"elementor-widget-wrap\">\n\t\t\t\t\t\t\t<\/div>\n\t\t<\/div>\n\t\t\t\t\t<\/div>\n\t\t<\/section>\n\t\t\t\t<section class=\"elementor-section elementor-top-section elementor-element elementor-element-7cb9fbbb elementor-section-height-min-height elementor-section-items-stretch elementor-hidden-mobile elementor-section-boxed elementor-section-height-default\" data-id=\"7cb9fbbb\" data-element_type=\"section\" data-e-type=\"section\" data-settings=\"{&quot;background_background&quot;:&quot;classic&quot;}\">\n\t\t\t\t\t\t<div class=\"elementor-container elementor-column-gap-default\">\n\t\t\t\t\t<div class=\"elementor-column elementor-col-100 elementor-top-column elementor-element elementor-element-b813e34\" data-id=\"b813e34\" data-element_type=\"column\" data-e-type=\"column\" data-settings=\"{&quot;background_background&quot;:&quot;classic&quot;}\">\n\t\t\t<div class=\"elementor-widget-wrap elementor-element-populated\">\n\t\t\t\t\t\t<div class=\"elementor-element elementor-element-6fea3def elementor-widget elementor-widget-heading\" data-id=\"6fea3def\" data-element_type=\"widget\" data-e-type=\"widget\" data-widget_type=\"heading.default\">\n\t\t\t\t<div class=\"elementor-widget-container\">\n\t\t\t\t\t<h1 class=\"elementor-heading-title elementor-size-default\">Flyttar du inom Stockholmsomr\u00e5det? <\/h1>\t\t\t\t<\/div>\n\t\t\t\t<\/div>\n\t\t\t\t\t<\/div>\n\t\t<\/div>\n\t\t\t\t\t<\/div>\n\t\t<\/section>\n\t\t\t\t<section class=\"elementor-section elementor-top-section elementor-element elementor-element-09745b1 elementor-section-height-min-height elementor-section-items-stretch elementor-section-full_width elementor-hidden-desktop elementor-hidden-tablet elementor-section-height-default\" data-id=\"09745b1\" data-element_type=\"section\" data-e-type=\"section\" data-settings=\"{&quot;background_background&quot;:&quot;classic&quot;}\">\n\t\t\t\t\t\t<div class=\"elementor-container elementor-column-gap-default\">\n\t\t\t\t\t<div class=\"elementor-column elementor-col-100 elementor-top-column elementor-element elementor-element-47c0fb7\" data-id=\"47c0fb7\" data-element_type=\"column\" data-e-type=\"column\" data-settings=\"{&quot;background_background&quot;:&quot;classic&quot;}\">\n\t\t\t<div class=\"elementor-widget-wrap elementor-element-populated\">\n\t\t\t\t\t\t<div class=\"elementor-element elementor-element-7ca4926 elementor-widget elementor-widget-heading\" data-id=\"7ca4926\" data-element_type=\"widget\" data-e-type=\"widget\" data-widget_type=\"heading.default\">\n\t\t\t\t<div class=\"elementor-widget-container\">\n\t\t\t\t\t<h1 class=\"elementor-heading-title elementor-size-default\">Flyttar du inom Stockholmsomr\u00e5det? <\/h1>\t\t\t\t<\/div>\n\t\t\t\t<\/div>\n\t\t\t\t\t<\/div>\n\t\t<\/div>\n\t\t\t\t\t<\/div>\n\t\t<\/section>\n\t\t\t\t<section class=\"elementor-section elementor-top-section elementor-element elementor-element-9329434 elementor-section-boxed elementor-section-height-default elementor-section-height-default\" data-id=\"9329434\" data-element_type=\"section\" data-e-type=\"section\">\n\t\t\t\t\t\t<div class=\"elementor-container elementor-column-gap-default\">\n\t\t\t\t\t<div class=\"elementor-column elementor-col-100 elementor-top-column elementor-element elementor-element-69259ec\" data-id=\"69259ec\" data-element_type=\"column\" data-e-type=\"column\">\n\t\t\t<div class=\"elementor-widget-wrap elementor-element-populated\">\n\t\t\t\t\t\t<div class=\"elementor-element elementor-element-2baa3d2 elementor-widget elementor-widget-text-editor\" data-id=\"2baa3d2\" data-element_type=\"widget\" data-e-type=\"widget\" data-widget_type=\"text-editor.default\">\n\t\t\t\t<div class=\"elementor-widget-container\">\n\t\t\t\t\t\t\t\t\tI s\u00e5 fall, \u00e4r vi de r\u00e4tta f\u00f6r er!\t\t\t\t\t\t\t\t<\/div>\n\t\t\t\t<\/div>\n\t\t\t\t\t<\/div>\n\t\t<\/div>\n\t\t\t\t\t<\/div>\n\t\t<\/section>\n\t\t\t\t<section class=\"elementor-section elementor-top-section elementor-element elementor-element-878319f elementor-section-boxed elementor-section-height-default elementor-section-height-default\" data-id=\"878319f\" data-element_type=\"section\" data-e-type=\"section\">\n\t\t\t\t\t\t<div class=\"elementor-container elementor-column-gap-default\">\n\t\t\t\t\t<div class=\"elementor-column elementor-col-50 elementor-top-column elementor-element elementor-element-63a9077\" data-id=\"63a9077\" data-element_type=\"column\" data-e-type=\"column\" data-settings=\"{&quot;background_background&quot;:&quot;classic&quot;}\">\n\t\t\t<div class=\"elementor-widget-wrap elementor-element-populated\">\n\t\t\t\t\t\t<div class=\"elementor-element elementor-element-f2fe0c2 elementor-widget elementor-widget-text-editor\" data-id=\"f2fe0c2\" data-element_type=\"widget\" data-e-type=\"widget\" data-widget_type=\"text-editor.default\">\n\t\t\t\t<div class=\"elementor-widget-container\">\n\t\t\t\t\t\t\t\t\tNej, vi \u00e4r inte bara \u00e4nnu en flyttfirma. Sj\u00e4lvklart hj\u00e4lper vi er med det ocks\u00e5, men det \u00e4r endast en av v\u00e5ra tj\u00e4nster. Vi hj\u00e4lper er med ALLT, medan ni planerar, under sj\u00e4lva flytten och efter att ni flyttat.<p><p> Vi erbjuder hj\u00e4lp att packa och att f\u00f6rvara era m\u00f6bler och flyttkartonger i v\u00e5rt lager. Vi st\u00e4dar b\u00e5de f\u00f6re visning och efter att ni flyttar ut. Med denna service, boostar vi er bostad till en h\u00f6gre estetisk niv\u00e5 och det kommer att bidra till ett h\u00f6gre marknadsv\u00e4rde. Och till sist erbjuder vi v\u00e5r f\u00f6rstklassiska expertisomr\u00e5de, m\u00f6bler s\u00e4ljning. <p><p> Vi tycker om att s\u00e4ga att vi \u00e4r billigare \u00e4n IKEA, n\u00e5gonting som Blocket och snabbare \u00e4n PostNord.\nDu kan kombinera att k\u00f6pa v\u00e5ra b\u00e5de begagnade och nya modern m\u00f6bler s\u00e5 att vi kan ta med dem samma dag som du flyttar in. Eller s\u00e5 kan du ge dina begagnade varan till oss om du inte beh\u00f6ver det mer. Vi erjbuder begagnade och nya m\u00f6bler till ett \u00f6verkomligt pris, modern m\u00f6bler som \u00e4r i gott skick med expressleverans. \t\t\t\t\t\t\t\t<\/div>\n\t\t\t\t<\/div>\n\t\t\t\t\t<\/div>\n\t\t<\/div>\n\t\t\t\t<div class=\"elementor-column elementor-col-50 elementor-top-column elementor-element elementor-element-cb893a5\" data-id=\"cb893a5\" data-element_type=\"column\" data-e-type=\"column\">\n\t\t\t<div class=\"elementor-widget-wrap elementor-element-populated\">\n\t\t\t\t\t\t<div class=\"elementor-element elementor-element-e1ed8db elementor-widget elementor-widget-image\" data-id=\"e1ed8db\" data-element_type=\"widget\" data-e-type=\"widget\" data-widget_type=\"image.default\">\n\t\t\t\t<div class=\"elementor-widget-container\">\n\t\t\t\t\t\t\t\t\t\t\t\t\t\t\t<img fetchpriority=\"high\" decoding=\"async\" width=\"1024\" height=\"1024\" src=\"https:\/\/24mobler.se\/wp-content\/uploads\/2021\/10\/moving-boxes-carton-boxes-stack-of-moving-boxes-4118678-1024x1024.png\" class=\"attachment-large size-large wp-image-7920\" alt=\"moving boxes carton boxes stack of moving boxes 4118678\" srcset=\"https:\/\/24mobler.se\/wp-content\/uploads\/2021\/10\/moving-boxes-carton-boxes-stack-of-moving-boxes-4118678-1024x1024.png 1024w, https:\/\/24mobler.se\/wp-content\/uploads\/2021\/10\/moving-boxes-carton-boxes-stack-of-moving-boxes-4118678-600x600.png 600w, https:\/\/24mobler.se\/wp-content\/uploads\/2021\/10\/moving-boxes-carton-boxes-stack-of-moving-boxes-4118678-100x100.png 100w, https:\/\/24mobler.se\/wp-content\/uploads\/2021\/10\/moving-boxes-carton-boxes-stack-of-moving-boxes-4118678-800x800.png 800w, https:\/\/24mobler.se\/wp-content\/uploads\/2021\/10\/moving-boxes-carton-boxes-stack-of-moving-boxes-4118678-450x450.png 450w, https:\/\/24mobler.se\/wp-content\/uploads\/2021\/10\/moving-boxes-carton-boxes-stack-of-moving-boxes-4118678-150x150.png 150w, https:\/\/24mobler.se\/wp-content\/uploads\/2021\/10\/moving-boxes-carton-boxes-stack-of-moving-boxes-4118678-768x768.png 768w, https:\/\/24mobler.se\/wp-content\/uploads\/2021\/10\/moving-boxes-carton-boxes-stack-of-moving-boxes-4118678-32x32.png 32w, https:\/\/24mobler.se\/wp-content\/uploads\/2021\/10\/moving-boxes-carton-boxes-stack-of-moving-boxes-4118678.png 1280w\" sizes=\"(max-width: 1024px) 100vw, 1024px\" \/>\t\t\t\t\t\t\t\t\t\t\t\t\t\t\t<\/div>\n\t\t\t\t<\/div>\n\t\t\t\t\t<\/div>\n\t\t<\/div>\n\t\t\t\t\t<\/div>\n\t\t<\/section>\n\t\t\t\t<section class=\"elementor-section elementor-top-section elementor-element elementor-element-12e7520 elementor-section-boxed elementor-section-height-default elementor-section-height-default\" data-id=\"12e7520\" data-element_type=\"section\" data-e-type=\"section\">\n\t\t\t\t\t\t<div class=\"elementor-container elementor-column-gap-default\">\n\t\t\t\t\t<div class=\"elementor-column elementor-col-100 elementor-top-column elementor-element elementor-element-b4824ba\" data-id=\"b4824ba\" data-element_type=\"column\" data-e-type=\"column\">\n\t\t\t<div class=\"elementor-widget-wrap elementor-element-populated\">\n\t\t\t\t\t\t<div class=\"elementor-element elementor-element-d707fcd elementor-widget elementor-widget-text-editor\" data-id=\"d707fcd\" data-element_type=\"widget\" data-e-type=\"widget\" data-widget_type=\"text-editor.default\">\n\t\t\t\t<div class=\"elementor-widget-container\">\n\t\t\t\t\t\t\t\t\t<p>Med express menar vi best\u00e4ll idag, f\u00e5 det levererat inom 24 timmar! Sluta upp med att \u00f6dsla\u00a0er\u00a0tid och era pengar p\u00e5 att leta efter andra l\u00f6sningar, f\u00f6r vi har allt ni beh\u00f6ver! L\u00e5t oss ta hand om arbetet och ni kan anv\u00e4nda pengarna ni sparar in p\u00e5 n\u00e5got annat ist\u00e4llet.<\/p>\t\t\t\t\t\t\t\t<\/div>\n\t\t\t\t<\/div>\n\t\t\t\t\t<\/div>\n\t\t<\/div>\n\t\t\t\t\t<\/div>\n\t\t<\/section>\n\t\t\t\t<section class=\"elementor-section elementor-top-section elementor-element elementor-element-d510b5d elementor-section-height-min-height elementor-section-items-stretch elementor-section-boxed elementor-section-height-default\" data-id=\"d510b5d\" data-element_type=\"section\" data-e-type=\"section\" data-settings=\"{&quot;background_background&quot;:&quot;classic&quot;}\">\n\t\t\t\t\t\t<div class=\"elementor-container elementor-column-gap-default\">\n\t\t\t\t\t<div class=\"elementor-column elementor-col-100 elementor-top-column elementor-element elementor-element-5aa90f2\" data-id=\"5aa90f2\" data-element_type=\"column\" data-e-type=\"column\" data-settings=\"{&quot;background_background&quot;:&quot;classic&quot;}\">\n\t\t\t<div class=\"elementor-widget-wrap elementor-element-populated\">\n\t\t\t\t\t\t<div class=\"elementor-element elementor-element-487f5c1 elementor-widget elementor-widget-text-editor\" data-id=\"487f5c1\" data-element_type=\"widget\" data-e-type=\"widget\" data-widget_type=\"text-editor.default\">\n\t\t\t\t<div class=\"elementor-widget-container\">\n\t\t\t\t\t\t\t\t\t<p>Om du har n\u00e5gra fr\u00e5gor, tips eller f\u00f6rslag kan du kontakta oss \u2013 <a href=\"mailto:info@24mobler.se\">info@24mobler.se<\/a><\/p>\t\t\t\t\t\t\t\t<\/div>\n\t\t\t\t<\/div>\n\t\t\t\t\t<\/div>\n\t\t<\/div>\n\t\t\t\t\t<\/div>\n\t\t<\/section>\n\t\t\t\t<\/div>","protected":false},"excerpt":{"rendered":"<p>Flyttar du inom Stockholmsomr\u00e5det? Flyttar du inom Stockholmsomr\u00e5det? I s\u00e5 fall, \u00e4r vi de r\u00e4tta f\u00f6r er!Nej, vi \u00e4r inte bara \u00e4nnu en flyttfirma. Sj\u00e4lvklart hj\u00e4lper vi er med det ocks\u00e5, men det \u00e4r endast en av v\u00e5ra tj\u00e4nster. Vi hj\u00e4lper er med ALLT, medan ni planerar, under sj\u00e4lva flytten och efter att ni flyttat. [&hellip;]<\/p>\n","protected":false},"author":2,"featured_media":0,"parent":0,"menu_order":0,"comment_status":"closed","ping_status":"closed","template":"elementor_header_footer","meta":{"_monsterinsights_skip_tracking":false,"_monsterinsights_sitenote_active":false,"_monsterinsights_sitenote_note":"","_monsterinsights_sitenote_category":0,"site-sidebar-layout":"no-sidebar","site-content-layout":"page-builder","ast-site-content-layout":"default","site-content-style":"default","site-sidebar-style":"default","ast-global-header-display":"","ast-banner-title-visibility":"","ast-main-header-display":"","ast-hfb-above-header-display":"","ast-hfb-below-header-display":"","ast-hfb-mobile-header-display":"","site-post-title":"disabled","ast-breadcrumbs-content":"","ast-featured-img":"disabled","footer-sml-layout":"","ast-disable-related-posts":"","theme-transparent-header-meta":"enabled","adv-header-id-meta":"","stick-header-meta":"","header-above-stick-meta":"","header-main-stick-meta":"","header-below-stick-meta":"","astra-migrate-meta-layouts":"default","ast-page-background-enabled":"default","ast-page-background-meta":{"desktop":{"background-color":"var(--ast-global-color-4)","background-image":"","background-repeat":"repeat","background-position":"center center","background-size":"auto","background-attachment":"scroll","background-type":"","background-media":"","overlay-type":"","overlay-color":"","overlay-opacity":"","overlay-gradient":""},"tablet":{"background-color":"","background-image":"","background-repeat":"repeat","background-position":"center center","background-size":"auto","background-attachment":"scroll","background-type":"","background-media":"","overlay-type":"","overlay-color":"","overlay-opacity":"","overlay-gradient":""},"mobile":{"background-color":"","background-image":"","background-repeat":"repeat","background-position":"center center","background-size":"auto","background-attachment":"scroll","background-type":"","background-media":"","overlay-type":"","overlay-color":"","overlay-opacity":"","overlay-gradient":""}},"ast-content-background-meta":{"desktop":{"background-color":"var(--ast-global-color-5)","background-image":"","background-repeat":"repeat","background-position":"center center","background-size":"auto","background-attachment":"scroll","background-type":"","background-media":"","overlay-type":"","overlay-color":"","overlay-opacity":"","overlay-gradient":""},"tablet":{"background-color":"var(--ast-global-color-5)","background-image":"","background-repeat":"repeat","background-position":"center center","background-size":"auto","background-attachment":"scroll","background-type":"","background-media":"","overlay-type":"","overlay-color":"","overlay-opacity":"","overlay-gradient":""},"mobile":{"background-color":"var(--ast-global-color-5)","background-image":"","background-repeat":"repeat","background-position":"center center","background-size":"auto","background-attachment":"scroll","background-type":"","background-media":"","overlay-type":"","overlay-color":"","overlay-opacity":"","overlay-gradient":""}},"footnotes":""},"class_list":["post-277","page","type-page","status-publish","hentry"],"yoast_head":"<!-- This site is optimized with the Yoast SEO plugin v27.4 - https:\/\/yoast.com\/product\/yoast-seo-wordpress\/ -->\n<title>Flytt - 24m\u00f6bler<\/title>\n<meta name=\"description\" content=\"Flytt pris fr\u00e5n 495 kr \/h (2 man + lastbil). Kombinera med v\u00e5ra m\u00f6bler, B\u00e4rhj\u00e4lp, Montering och St\u00e4dning s\u00e5 att f\u00e5 GRATIS TRANSPORT av m\u00f6bler\" \/>\n<meta name=\"robots\" content=\"index, follow, max-snippet:-1, max-image-preview:large, max-video-preview:-1\" \/>\n<link rel=\"canonical\" href=\"https:\/\/24mobler.se\/en\/flytt\/\" \/>\n<meta property=\"og:locale\" content=\"en_GB\" \/>\n<meta property=\"og:type\" content=\"article\" \/>\n<meta property=\"og:title\" content=\"Flytt - 24m\u00f6bler\" \/>\n<meta property=\"og:description\" content=\"Flytt pris fr\u00e5n 495 kr \/h (2 man + lastbil). Kombinera med v\u00e5ra m\u00f6bler, B\u00e4rhj\u00e4lp, Montering och St\u00e4dning s\u00e5 att f\u00e5 GRATIS TRANSPORT av m\u00f6bler\" \/>\n<meta property=\"og:url\" content=\"https:\/\/24mobler.se\/en\/flytt\/\" \/>\n<meta property=\"og:site_name\" content=\"24m\u00f6bler\" \/>\n<meta property=\"article:modified_time\" content=\"2021-11-17T10:49:40+00:00\" \/>\n<meta property=\"og:image\" content=\"https:\/\/24mobler.se\/wp-content\/uploads\/2021\/10\/moving-boxes-carton-boxes-stack-of-moving-boxes-4118678-1024x1024.png\" \/>\n<meta name=\"twitter:card\" content=\"summary_large_image\" \/>\n<meta name=\"twitter:label1\" content=\"Estimated reading time\" \/>\n\t<meta name=\"twitter:data1\" content=\"2 minutes\" \/>\n<script type=\"application\/ld+json\" class=\"yoast-schema-graph\">{\"@context\":\"https:\\\/\\\/schema.org\",\"@graph\":[{\"@type\":\"WebPage\",\"@id\":\"https:\\\/\\\/24mobler.se\\\/en\\\/flytt\\\/\",\"url\":\"https:\\\/\\\/24mobler.se\\\/en\\\/flytt\\\/\",\"name\":\"Flytt - 24m\u00f6bler\",\"isPartOf\":{\"@id\":\"https:\\\/\\\/24mobler.se\\\/#website\"},\"primaryImageOfPage\":{\"@id\":\"https:\\\/\\\/24mobler.se\\\/en\\\/flytt\\\/#primaryimage\"},\"image\":{\"@id\":\"https:\\\/\\\/24mobler.se\\\/en\\\/flytt\\\/#primaryimage\"},\"thumbnailUrl\":\"https:\\\/\\\/24mobler.se\\\/wp-content\\\/uploads\\\/2021\\\/10\\\/moving-boxes-carton-boxes-stack-of-moving-boxes-4118678-1024x1024.png\",\"datePublished\":\"2021-10-17T19:46:52+00:00\",\"dateModified\":\"2021-11-17T10:49:40+00:00\",\"description\":\"Flytt pris fr\u00e5n 495 kr \\\/h (2 man + lastbil). Kombinera med v\u00e5ra m\u00f6bler, B\u00e4rhj\u00e4lp, Montering och St\u00e4dning s\u00e5 att f\u00e5 GRATIS TRANSPORT av m\u00f6bler\",\"breadcrumb\":{\"@id\":\"https:\\\/\\\/24mobler.se\\\/en\\\/flytt\\\/#breadcrumb\"},\"inLanguage\":\"en-GB\",\"potentialAction\":[{\"@type\":\"ReadAction\",\"target\":[\"https:\\\/\\\/24mobler.se\\\/en\\\/flytt\\\/\"]}]},{\"@type\":\"ImageObject\",\"inLanguage\":\"en-GB\",\"@id\":\"https:\\\/\\\/24mobler.se\\\/en\\\/flytt\\\/#primaryimage\",\"url\":\"https:\\\/\\\/24mobler.se\\\/wp-content\\\/uploads\\\/2021\\\/10\\\/moving-boxes-carton-boxes-stack-of-moving-boxes-4118678-1024x1024.png\",\"contentUrl\":\"https:\\\/\\\/24mobler.se\\\/wp-content\\\/uploads\\\/2021\\\/10\\\/moving-boxes-carton-boxes-stack-of-moving-boxes-4118678-1024x1024.png\"},{\"@type\":\"BreadcrumbList\",\"@id\":\"https:\\\/\\\/24mobler.se\\\/en\\\/flytt\\\/#breadcrumb\",\"itemListElement\":[{\"@type\":\"ListItem\",\"position\":1,\"name\":\"Home\",\"item\":\"https:\\\/\\\/24mobler.se\\\/\"},{\"@type\":\"ListItem\",\"position\":2,\"name\":\"Flytt\"}]},{\"@type\":\"WebSite\",\"@id\":\"https:\\\/\\\/24mobler.se\\\/#website\",\"url\":\"https:\\\/\\\/24mobler.se\\\/\",\"name\":\"24m\u00f6bler\",\"description\":\"Nya &amp; begagnade m\u00f6bler\",\"publisher\":{\"@id\":\"https:\\\/\\\/24mobler.se\\\/#organization\"},\"potentialAction\":[{\"@type\":\"SearchAction\",\"target\":{\"@type\":\"EntryPoint\",\"urlTemplate\":\"https:\\\/\\\/24mobler.se\\\/?s={search_term_string}\"},\"query-input\":{\"@type\":\"PropertyValueSpecification\",\"valueRequired\":true,\"valueName\":\"search_term_string\"}}],\"inLanguage\":\"en-GB\"},{\"@type\":\"Organization\",\"@id\":\"https:\\\/\\\/24mobler.se\\\/#organization\",\"name\":\"m\u00f6bler\",\"url\":\"https:\\\/\\\/24mobler.se\\\/\",\"logo\":{\"@type\":\"ImageObject\",\"inLanguage\":\"en-GB\",\"@id\":\"https:\\\/\\\/24mobler.se\\\/#\\\/schema\\\/logo\\\/image\\\/\",\"url\":\"https:\\\/\\\/24mobler.se\\\/wp-content\\\/uploads\\\/2022\\\/01\\\/Group-23.png\",\"contentUrl\":\"https:\\\/\\\/24mobler.se\\\/wp-content\\\/uploads\\\/2022\\\/01\\\/Group-23.png\",\"width\":899,\"height\":155,\"caption\":\"m\u00f6bler\"},\"image\":{\"@id\":\"https:\\\/\\\/24mobler.se\\\/#\\\/schema\\\/logo\\\/image\\\/\"}}]}<\/script>\n<!-- \/ Yoast SEO plugin. -->","yoast_head_json":{"title":"Flytt - 24m\u00f6bler","description":"Flytt pris fr\u00e5n 495 kr \/h (2 man + lastbil). Kombinera med v\u00e5ra m\u00f6bler, B\u00e4rhj\u00e4lp, Montering och St\u00e4dning s\u00e5 att f\u00e5 GRATIS TRANSPORT av m\u00f6bler","robots":{"index":"index","follow":"follow","max-snippet":"max-snippet:-1","max-image-preview":"max-image-preview:large","max-video-preview":"max-video-preview:-1"},"canonical":"https:\/\/24mobler.se\/en\/flytt\/","og_locale":"en_GB","og_type":"article","og_title":"Flytt - 24m\u00f6bler","og_description":"Flytt pris fr\u00e5n 495 kr \/h (2 man + lastbil). Kombinera med v\u00e5ra m\u00f6bler, B\u00e4rhj\u00e4lp, Montering och St\u00e4dning s\u00e5 att f\u00e5 GRATIS TRANSPORT av m\u00f6bler","og_url":"https:\/\/24mobler.se\/en\/flytt\/","og_site_name":"24m\u00f6bler","article_modified_time":"2021-11-17T10:49:40+00:00","og_image":[{"url":"https:\/\/24mobler.se\/wp-content\/uploads\/2021\/10\/moving-boxes-carton-boxes-stack-of-moving-boxes-4118678-1024x1024.png","type":"","width":"","height":""}],"twitter_card":"summary_large_image","twitter_misc":{"Estimated reading time":"2 minutes"},"schema":{"@context":"https:\/\/schema.org","@graph":[{"@type":"WebPage","@id":"https:\/\/24mobler.se\/en\/flytt\/","url":"https:\/\/24mobler.se\/en\/flytt\/","name":"Flytt - 24m\u00f6bler","isPartOf":{"@id":"https:\/\/24mobler.se\/#website"},"primaryImageOfPage":{"@id":"https:\/\/24mobler.se\/en\/flytt\/#primaryimage"},"image":{"@id":"https:\/\/24mobler.se\/en\/flytt\/#primaryimage"},"thumbnailUrl":"https:\/\/24mobler.se\/wp-content\/uploads\/2021\/10\/moving-boxes-carton-boxes-stack-of-moving-boxes-4118678-1024x1024.png","datePublished":"2021-10-17T19:46:52+00:00","dateModified":"2021-11-17T10:49:40+00:00","description":"Flytt pris fr\u00e5n 495 kr \/h (2 man + lastbil). Kombinera med v\u00e5ra m\u00f6bler, B\u00e4rhj\u00e4lp, Montering och St\u00e4dning s\u00e5 att f\u00e5 GRATIS TRANSPORT av m\u00f6bler","breadcrumb":{"@id":"https:\/\/24mobler.se\/en\/flytt\/#breadcrumb"},"inLanguage":"en-GB","potentialAction":[{"@type":"ReadAction","target":["https:\/\/24mobler.se\/en\/flytt\/"]}]},{"@type":"ImageObject","inLanguage":"en-GB","@id":"https:\/\/24mobler.se\/en\/flytt\/#primaryimage","url":"https:\/\/24mobler.se\/wp-content\/uploads\/2021\/10\/moving-boxes-carton-boxes-stack-of-moving-boxes-4118678-1024x1024.png","contentUrl":"https:\/\/24mobler.se\/wp-content\/uploads\/2021\/10\/moving-boxes-carton-boxes-stack-of-moving-boxes-4118678-1024x1024.png"},{"@type":"BreadcrumbList","@id":"https:\/\/24mobler.se\/en\/flytt\/#breadcrumb","itemListElement":[{"@type":"ListItem","position":1,"name":"Home","item":"https:\/\/24mobler.se\/"},{"@type":"ListItem","position":2,"name":"Flytt"}]},{"@type":"WebSite","@id":"https:\/\/24mobler.se\/#website","url":"https:\/\/24mobler.se\/","name":"24m\u00f6bler","description":"Nya &amp; begagnade m\u00f6bler","publisher":{"@id":"https:\/\/24mobler.se\/#organization"},"potentialAction":[{"@type":"SearchAction","target":{"@type":"EntryPoint","urlTemplate":"https:\/\/24mobler.se\/?s={search_term_string}"},"query-input":{"@type":"PropertyValueSpecification","valueRequired":true,"valueName":"search_term_string"}}],"inLanguage":"en-GB"},{"@type":"Organization","@id":"https:\/\/24mobler.se\/#organization","name":"m\u00f6bler","url":"https:\/\/24mobler.se\/","logo":{"@type":"ImageObject","inLanguage":"en-GB","@id":"https:\/\/24mobler.se\/#\/schema\/logo\/image\/","url":"https:\/\/24mobler.se\/wp-content\/uploads\/2022\/01\/Group-23.png","contentUrl":"https:\/\/24mobler.se\/wp-content\/uploads\/2022\/01\/Group-23.png","width":899,"height":155,"caption":"m\u00f6bler"},"image":{"@id":"https:\/\/24mobler.se\/#\/schema\/logo\/image\/"}}]}},"_links":{"self":[{"href":"https:\/\/24mobler.se\/en\/wp-json\/wp\/v2\/pages\/277","targetHints":{"allow":["GET"]}}],"collection":[{"href":"https:\/\/24mobler.se\/en\/wp-json\/wp\/v2\/pages"}],"about":[{"href":"https:\/\/24mobler.se\/en\/wp-json\/wp\/v2\/types\/page"}],"author":[{"embeddable":true,"href":"https:\/\/24mobler.se\/en\/wp-json\/wp\/v2\/users\/2"}],"replies":[{"embeddable":true,"href":"https:\/\/24mobler.se\/en\/wp-json\/wp\/v2\/comments?post=277"}],"version-history":[{"count":5,"href":"https:\/\/24mobler.se\/en\/wp-json\/wp\/v2\/pages\/277\/revisions"}],"predecessor-version":[{"id":13871,"href":"https:\/\/24mobler.se\/en\/wp-json\/wp\/v2\/pages\/277\/revisions\/13871"}],"wp:attachment":[{"href":"https:\/\/24mobler.se\/en\/wp-json\/wp\/v2\/media?parent=277"}],"curies":[{"name":"wp","href":"https:\/\/api.w.org\/{rel}","templated":true}]}}