{"id":271,"date":"2021-10-17T19:46:51","date_gmt":"2021-10-17T19:46:51","guid":{"rendered":"http:\/\/24mobler.se\/contact-us\/"},"modified":"2022-04-03T22:43:05","modified_gmt":"2022-04-03T22:43:05","slug":"kontakta-oss","status":"publish","type":"page","link":"https:\/\/24mobler.se\/en\/kontakta-oss\/","title":{"rendered":"CONTACT US"},"content":{"rendered":"<div data-elementor-type=\"wp-page\" data-elementor-id=\"271\" class=\"elementor elementor-271\">\n\t\t\t\t\t\t<section class=\"elementor-section elementor-top-section elementor-element elementor-element-537d2bcb elementor-section-height-min-height elementor-section-boxed elementor-section-height-default elementor-section-items-middle\" data-id=\"537d2bcb\" data-element_type=\"section\" data-e-type=\"section\" data-settings=\"{&quot;background_background&quot;:&quot;classic&quot;}\">\n\t\t\t\t\t\t\t<div class=\"elementor-background-overlay\"><\/div>\n\t\t\t\t\t\t\t<div class=\"elementor-container elementor-column-gap-default\">\n\t\t\t\t\t<div class=\"elementor-column elementor-col-100 elementor-top-column elementor-element elementor-element-164634e8\" data-id=\"164634e8\" data-element_type=\"column\" data-e-type=\"column\" data-settings=\"{&quot;background_background&quot;:&quot;classic&quot;}\">\n\t\t\t<div class=\"elementor-widget-wrap\">\n\t\t\t\t\t\t\t<\/div>\n\t\t<\/div>\n\t\t\t\t\t<\/div>\n\t\t<\/section>\n\t\t\t\t<section class=\"elementor-section elementor-top-section elementor-element elementor-element-645bc29b elementor-section-height-min-height elementor-section-items-stretch elementor-section-boxed elementor-section-height-default\" data-id=\"645bc29b\" data-element_type=\"section\" data-e-type=\"section\" data-settings=\"{&quot;background_background&quot;:&quot;classic&quot;}\">\n\t\t\t\t\t\t<div class=\"elementor-container elementor-column-gap-default\">\n\t\t\t\t\t<div class=\"elementor-column elementor-col-100 elementor-top-column elementor-element elementor-element-8596e2a\" data-id=\"8596e2a\" data-element_type=\"column\" data-e-type=\"column\" data-settings=\"{&quot;background_background&quot;:&quot;classic&quot;}\">\n\t\t\t<div class=\"elementor-widget-wrap elementor-element-populated\">\n\t\t\t\t\t\t<div class=\"elementor-element elementor-element-73dca198 elementor-widget elementor-widget-heading\" data-id=\"73dca198\" data-element_type=\"widget\" data-e-type=\"widget\" data-widget_type=\"heading.default\">\n\t\t\t\t<div class=\"elementor-widget-container\">\n\t\t\t\t\t<h3 class=\"elementor-heading-title elementor-size-default\">vi \u00e4lskar att h\u00f6ra fr\u00e5n dig!<\/h3>\t\t\t\t<\/div>\n\t\t\t\t<\/div>\n\t\t\t\t<div class=\"elementor-element elementor-element-37507f65 elementor-widget elementor-widget-heading\" data-id=\"37507f65\" data-element_type=\"widget\" data-e-type=\"widget\" data-widget_type=\"heading.default\">\n\t\t\t\t<div class=\"elementor-widget-container\">\n\t\t\t\t\t<h3 class=\"elementor-heading-title elementor-size-default\">kontakta oss<\/h3>\t\t\t\t<\/div>\n\t\t\t\t<\/div>\n\t\t\t\t<div class=\"elementor-element elementor-element-077c3ac elementor-widget elementor-widget-heading\" data-id=\"077c3ac\" data-element_type=\"widget\" data-e-type=\"widget\" data-widget_type=\"heading.default\">\n\t\t\t\t<div class=\"elementor-widget-container\">\n\t\t\t\t\t<h6 class=\"elementor-heading-title elementor-size-default\">Handens stationsv\u00e4g 11, Stockholm<br>\n\u00f6ppettider:<br>\nL\u00f6rdag 10-12\nS\u00f6ngad 10-12\n<\/h6>\t\t\t\t<\/div>\n\t\t\t\t<\/div>\n\t\t\t\t\t<\/div>\n\t\t<\/div>\n\t\t\t\t\t<\/div>\n\t\t<\/section>\n\t\t\t\t<section class=\"elementor-section elementor-top-section elementor-element elementor-element-140d0ff7 elementor-reverse-tablet elementor-reverse-mobile elementor-section-boxed elementor-section-height-default elementor-section-height-default\" data-id=\"140d0ff7\" data-element_type=\"section\" data-e-type=\"section\">\n\t\t\t\t\t\t<div class=\"elementor-container elementor-column-gap-default\">\n\t\t\t\t\t<div class=\"elementor-column elementor-col-100 elementor-top-column elementor-element elementor-element-61e0cb7a\" data-id=\"61e0cb7a\" data-element_type=\"column\" data-e-type=\"column\" data-settings=\"{&quot;background_background&quot;:&quot;classic&quot;}\">\n\t\t\t<div class=\"elementor-widget-wrap elementor-element-populated\">\n\t\t\t\t\t\t<div class=\"elementor-element elementor-element-61083724 elementor-widget elementor-widget-form\" data-id=\"61083724\" data-element_type=\"widget\" data-e-type=\"widget\" data-widget_type=\"form.default\">\n\t\t\t\t<div class=\"elementor-widget-container\">\n\t\t\t\t\t \t\t\t\t<\/div>\n\t\t\t\t<\/div>\n\t\t\t\t\t<\/div>\n\t\t<\/div>\n\t\t\t\t\t<\/div>\n\t\t<\/section>\n\t\t\t\t<\/div>","protected":false},"excerpt":{"rendered":"<p>vi \u00e4lskar att h\u00f6ra fr\u00e5n dig! kontakta oss Handens stationsv\u00e4g 11, Stockholm \u00f6ppettider: L\u00f6rdag 10-12 S\u00f6ngad 10-12<\/p>","protected":false},"author":2,"featured_media":0,"parent":0,"menu_order":0,"comment_status":"closed","ping_status":"closed","template":"elementor_header_footer","meta":{"_monsterinsights_skip_tracking":false,"_monsterinsights_sitenote_active":false,"_monsterinsights_sitenote_note":"","_monsterinsights_sitenote_category":0,"site-sidebar-layout":"default","site-content-layout":"default","ast-site-content-layout":"default","site-content-style":"default","site-sidebar-style":"default","ast-global-header-display":"","ast-banner-title-visibility":"","ast-main-header-display":"","ast-hfb-above-header-display":"","ast-hfb-below-header-display":"","ast-hfb-mobile-header-display":"","site-post-title":"","ast-breadcrumbs-content":"","ast-featured-img":"","footer-sml-layout":"","ast-disable-related-posts":"","theme-transparent-header-meta":"disabled","adv-header-id-meta":"","stick-header-meta":"","header-above-stick-meta":"","header-main-stick-meta":"","header-below-stick-meta":"","astra-migrate-meta-layouts":"default","ast-page-background-enabled":"default","ast-page-background-meta":{"desktop":{"background-color":"var(--ast-global-color-4)","background-image":"","background-repeat":"repeat","background-position":"center center","background-size":"auto","background-attachment":"scroll","background-type":"","background-media":"","overlay-type":"","overlay-color":"","overlay-opacity":"","overlay-gradient":""},"tablet":{"background-color":"","background-image":"","background-repeat":"repeat","background-position":"center center","background-size":"auto","background-attachment":"scroll","background-type":"","background-media":"","overlay-type":"","overlay-color":"","overlay-opacity":"","overlay-gradient":""},"mobile":{"background-color":"","background-image":"","background-repeat":"repeat","background-position":"center center","background-size":"auto","background-attachment":"scroll","background-type":"","background-media":"","overlay-type":"","overlay-color":"","overlay-opacity":"","overlay-gradient":""}},"ast-content-background-meta":{"desktop":{"background-color":"var(--ast-global-color-5)","background-image":"","background-repeat":"repeat","background-position":"center center","background-size":"auto","background-attachment":"scroll","background-type":"","background-media":"","overlay-type":"","overlay-color":"","overlay-opacity":"","overlay-gradient":""},"tablet":{"background-color":"var(--ast-global-color-5)","background-image":"","background-repeat":"repeat","background-position":"center center","background-size":"auto","background-attachment":"scroll","background-type":"","background-media":"","overlay-type":"","overlay-color":"","overlay-opacity":"","overlay-gradient":""},"mobile":{"background-color":"var(--ast-global-color-5)","background-image":"","background-repeat":"repeat","background-position":"center center","background-size":"auto","background-attachment":"scroll","background-type":"","background-media":"","overlay-type":"","overlay-color":"","overlay-opacity":"","overlay-gradient":""}},"footnotes":""},"class_list":["post-271","page","type-page","status-publish","hentry"],"yoast_head":"<!-- This site is optimized with the Yoast SEO plugin v27.4 - https:\/\/yoast.com\/product\/yoast-seo-wordpress\/ -->\n<title>KONTAKTA OSS - 24m\u00f6bler<\/title>\n<meta name=\"robots\" content=\"index, follow, max-snippet:-1, max-image-preview:large, max-video-preview:-1\" \/>\n<link rel=\"canonical\" href=\"https:\/\/24mobler.se\/en\/kontakta-oss\/\" \/>\n<meta property=\"og:locale\" content=\"en_GB\" \/>\n<meta property=\"og:type\" content=\"article\" \/>\n<meta property=\"og:title\" content=\"KONTAKTA OSS - 24m\u00f6bler\" \/>\n<meta property=\"og:description\" content=\"vi \u00e4lskar att h\u00f6ra fr\u00e5n dig! kontakta oss Handens stationsv\u00e4g 11, Stockholm \u00f6ppettider: L\u00f6rdag 10-12 S\u00f6ngad 10-12\" \/>\n<meta property=\"og:url\" content=\"https:\/\/24mobler.se\/en\/kontakta-oss\/\" \/>\n<meta property=\"og:site_name\" content=\"24m\u00f6bler\" \/>\n<meta property=\"article:modified_time\" content=\"2022-04-03T22:43:05+00:00\" \/>\n<meta name=\"twitter:card\" content=\"summary_large_image\" \/>\n<meta name=\"twitter:label1\" content=\"Estimated reading time\" \/>\n\t<meta name=\"twitter:data1\" content=\"1 minute\" \/>\n<script type=\"application\/ld+json\" class=\"yoast-schema-graph\">{\"@context\":\"https:\\\/\\\/schema.org\",\"@graph\":[{\"@type\":\"WebPage\",\"@id\":\"https:\\\/\\\/24mobler.se\\\/kontakta-oss\\\/\",\"url\":\"https:\\\/\\\/24mobler.se\\\/kontakta-oss\\\/\",\"name\":\"KONTAKTA OSS - 24m\u00f6bler\",\"isPartOf\":{\"@id\":\"https:\\\/\\\/24mobler.se\\\/#website\"},\"datePublished\":\"2021-10-17T19:46:51+00:00\",\"dateModified\":\"2022-04-03T22:43:05+00:00\",\"breadcrumb\":{\"@id\":\"https:\\\/\\\/24mobler.se\\\/kontakta-oss\\\/#breadcrumb\"},\"inLanguage\":\"en-GB\",\"potentialAction\":[{\"@type\":\"ReadAction\",\"target\":[\"https:\\\/\\\/24mobler.se\\\/kontakta-oss\\\/\"]}]},{\"@type\":\"BreadcrumbList\",\"@id\":\"https:\\\/\\\/24mobler.se\\\/kontakta-oss\\\/#breadcrumb\",\"itemListElement\":[{\"@type\":\"ListItem\",\"position\":1,\"name\":\"Home\",\"item\":\"https:\\\/\\\/24mobler.se\\\/\"},{\"@type\":\"ListItem\",\"position\":2,\"name\":\"KONTAKTA OSS\"}]},{\"@type\":\"WebSite\",\"@id\":\"https:\\\/\\\/24mobler.se\\\/#website\",\"url\":\"https:\\\/\\\/24mobler.se\\\/\",\"name\":\"24m\u00f6bler\",\"description\":\"Nya &amp; begagnade m\u00f6bler\",\"publisher\":{\"@id\":\"https:\\\/\\\/24mobler.se\\\/#organization\"},\"potentialAction\":[{\"@type\":\"SearchAction\",\"target\":{\"@type\":\"EntryPoint\",\"urlTemplate\":\"https:\\\/\\\/24mobler.se\\\/?s={search_term_string}\"},\"query-input\":{\"@type\":\"PropertyValueSpecification\",\"valueRequired\":true,\"valueName\":\"search_term_string\"}}],\"inLanguage\":\"en-GB\"},{\"@type\":\"Organization\",\"@id\":\"https:\\\/\\\/24mobler.se\\\/#organization\",\"name\":\"m\u00f6bler\",\"url\":\"https:\\\/\\\/24mobler.se\\\/\",\"logo\":{\"@type\":\"ImageObject\",\"inLanguage\":\"en-GB\",\"@id\":\"https:\\\/\\\/24mobler.se\\\/#\\\/schema\\\/logo\\\/image\\\/\",\"url\":\"https:\\\/\\\/24mobler.se\\\/wp-content\\\/uploads\\\/2022\\\/01\\\/Group-23.png\",\"contentUrl\":\"https:\\\/\\\/24mobler.se\\\/wp-content\\\/uploads\\\/2022\\\/01\\\/Group-23.png\",\"width\":899,\"height\":155,\"caption\":\"m\u00f6bler\"},\"image\":{\"@id\":\"https:\\\/\\\/24mobler.se\\\/#\\\/schema\\\/logo\\\/image\\\/\"}}]}<\/script>\n<!-- \/ Yoast SEO plugin. -->","yoast_head_json":{"title":"KONTAKTA OSS - 24m\u00f6bler","robots":{"index":"index","follow":"follow","max-snippet":"max-snippet:-1","max-image-preview":"max-image-preview:large","max-video-preview":"max-video-preview:-1"},"canonical":"https:\/\/24mobler.se\/en\/kontakta-oss\/","og_locale":"en_GB","og_type":"article","og_title":"KONTAKTA OSS - 24m\u00f6bler","og_description":"vi \u00e4lskar att h\u00f6ra fr\u00e5n dig! kontakta oss Handens stationsv\u00e4g 11, Stockholm \u00f6ppettider: L\u00f6rdag 10-12 S\u00f6ngad 10-12","og_url":"https:\/\/24mobler.se\/en\/kontakta-oss\/","og_site_name":"24m\u00f6bler","article_modified_time":"2022-04-03T22:43:05+00:00","twitter_card":"summary_large_image","twitter_misc":{"Estimated reading time":"1 minute"},"schema":{"@context":"https:\/\/schema.org","@graph":[{"@type":"WebPage","@id":"https:\/\/24mobler.se\/kontakta-oss\/","url":"https:\/\/24mobler.se\/kontakta-oss\/","name":"KONTAKTA OSS - 24m\u00f6bler","isPartOf":{"@id":"https:\/\/24mobler.se\/#website"},"datePublished":"2021-10-17T19:46:51+00:00","dateModified":"2022-04-03T22:43:05+00:00","breadcrumb":{"@id":"https:\/\/24mobler.se\/kontakta-oss\/#breadcrumb"},"inLanguage":"en-GB","potentialAction":[{"@type":"ReadAction","target":["https:\/\/24mobler.se\/kontakta-oss\/"]}]},{"@type":"BreadcrumbList","@id":"https:\/\/24mobler.se\/kontakta-oss\/#breadcrumb","itemListElement":[{"@type":"ListItem","position":1,"name":"Home","item":"https:\/\/24mobler.se\/"},{"@type":"ListItem","position":2,"name":"KONTAKTA OSS"}]},{"@type":"WebSite","@id":"https:\/\/24mobler.se\/#website","url":"https:\/\/24mobler.se\/","name":"24m\u00f6bler","description":"Nya &amp; begagnade m\u00f6bler","publisher":{"@id":"https:\/\/24mobler.se\/#organization"},"potentialAction":[{"@type":"SearchAction","target":{"@type":"EntryPoint","urlTemplate":"https:\/\/24mobler.se\/?s={search_term_string}"},"query-input":{"@type":"PropertyValueSpecification","valueRequired":true,"valueName":"search_term_string"}}],"inLanguage":"en-GB"},{"@type":"Organization","@id":"https:\/\/24mobler.se\/#organization","name":"m\u00f6bler","url":"https:\/\/24mobler.se\/","logo":{"@type":"ImageObject","inLanguage":"en-GB","@id":"https:\/\/24mobler.se\/#\/schema\/logo\/image\/","url":"https:\/\/24mobler.se\/wp-content\/uploads\/2022\/01\/Group-23.png","contentUrl":"https:\/\/24mobler.se\/wp-content\/uploads\/2022\/01\/Group-23.png","width":899,"height":155,"caption":"m\u00f6bler"},"image":{"@id":"https:\/\/24mobler.se\/#\/schema\/logo\/image\/"}}]}},"_links":{"self":[{"href":"https:\/\/24mobler.se\/en\/wp-json\/wp\/v2\/pages\/271","targetHints":{"allow":["GET"]}}],"collection":[{"href":"https:\/\/24mobler.se\/en\/wp-json\/wp\/v2\/pages"}],"about":[{"href":"https:\/\/24mobler.se\/en\/wp-json\/wp\/v2\/types\/page"}],"author":[{"embeddable":true,"href":"https:\/\/24mobler.se\/en\/wp-json\/wp\/v2\/users\/2"}],"replies":[{"embeddable":true,"href":"https:\/\/24mobler.se\/en\/wp-json\/wp\/v2\/comments?post=271"}],"version-history":[{"count":5,"href":"https:\/\/24mobler.se\/en\/wp-json\/wp\/v2\/pages\/271\/revisions"}],"predecessor-version":[{"id":13924,"href":"https:\/\/24mobler.se\/en\/wp-json\/wp\/v2\/pages\/271\/revisions\/13924"}],"wp:attachment":[{"href":"https:\/\/24mobler.se\/en\/wp-json\/wp\/v2\/media?parent=271"}],"curies":[{"name":"wp","href":"https:\/\/api.w.org\/{rel}","templated":true}]}}