{"id":223,"date":"2021-10-17T19:41:11","date_gmt":"2021-10-17T19:41:11","guid":{"rendered":"http:\/\/24mobler.se\/?page_id=223"},"modified":"2022-01-28T09:06:41","modified_gmt":"2022-01-28T09:06:41","slug":"24mobler","status":"publish","type":"page","link":"https:\/\/24mobler.se\/en\/24mobler\/","title":{"rendered":"HOME"},"content":{"rendered":"<div data-elementor-type=\"wp-page\" data-elementor-id=\"223\" class=\"elementor elementor-223\">\n\t\t\t\t\t\t<section class=\"elementor-section elementor-top-section elementor-element elementor-element-7f6d09d3 elementor-section-height-min-height elementor-section-full_width elementor-section-height-default elementor-section-items-middle\" data-id=\"7f6d09d3\" data-element_type=\"section\" data-e-type=\"section\" data-settings=\"{&quot;background_background&quot;:&quot;classic&quot;}\">\n\t\t\t\t\t\t\t<div class=\"elementor-background-overlay\"><\/div>\n\t\t\t\t\t\t\t<div class=\"elementor-container elementor-column-gap-no\">\n\t\t\t\t\t<div class=\"elementor-column elementor-col-100 elementor-top-column elementor-element elementor-element-50b2e36f\" data-id=\"50b2e36f\" data-element_type=\"column\" data-e-type=\"column\">\n\t\t\t<div class=\"elementor-widget-wrap elementor-element-populated\">\n\t\t\t\t\t\t<div class=\"elementor-element elementor-element-2d4022e7 elementor-widget elementor-widget-heading\" data-id=\"2d4022e7\" data-element_type=\"widget\" data-e-type=\"widget\" data-widget_type=\"heading.default\">\n\t\t\t\t<div class=\"elementor-widget-container\">\n\t\t\t\t\t<h2 class=\"elementor-heading-title elementor-size-default\">when design meets technology<\/h2>\t\t\t\t<\/div>\n\t\t\t\t<\/div>\n\t\t\t\t<div class=\"elementor-element elementor-element-4546eb5f elementor-widget elementor-widget-heading\" data-id=\"4546eb5f\" data-element_type=\"widget\" data-e-type=\"widget\" data-widget_type=\"heading.default\">\n\t\t\t\t<div class=\"elementor-widget-container\">\n\t\t\t\t\t<h1 class=\"elementor-heading-title elementor-size-default\">the future of tech-design<\/h1>\t\t\t\t<\/div>\n\t\t\t\t<\/div>\n\t\t\t\t\t<\/div>\n\t\t<\/div>\n\t\t\t\t\t<\/div>\n\t\t<\/section>\n\t\t\t\t<\/div>","protected":false},"excerpt":{"rendered":"<p>when design meets technology the future of tech-design<\/p>","protected":false},"author":2,"featured_media":0,"parent":0,"menu_order":0,"comment_status":"closed","ping_status":"closed","template":"","meta":{"_monsterinsights_skip_tracking":false,"_monsterinsights_sitenote_active":false,"_monsterinsights_sitenote_note":"","_monsterinsights_sitenote_category":0,"site-sidebar-layout":"no-sidebar","site-content-layout":"page-builder","ast-site-content-layout":"default","site-content-style":"default","site-sidebar-style":"default","ast-global-header-display":"","ast-banner-title-visibility":"","ast-main-header-display":"","ast-hfb-above-header-display":"","ast-hfb-below-header-display":"","ast-hfb-mobile-header-display":"","site-post-title":"disabled","ast-breadcrumbs-content":"","ast-featured-img":"disabled","footer-sml-layout":"","ast-disable-related-posts":"","theme-transparent-header-meta":"default","adv-header-id-meta":"","stick-header-meta":"","header-above-stick-meta":"","header-main-stick-meta":"","header-below-stick-meta":"","astra-migrate-meta-layouts":"default","ast-page-background-enabled":"default","ast-page-background-meta":{"desktop":{"background-color":"var(--ast-global-color-4)","background-image":"","background-repeat":"repeat","background-position":"center center","background-size":"auto","background-attachment":"scroll","background-type":"","background-media":"","overlay-type":"","overlay-color":"","overlay-opacity":"","overlay-gradient":""},"tablet":{"background-color":"","background-image":"","background-repeat":"repeat","background-position":"center center","background-size":"auto","background-attachment":"scroll","background-type":"","background-media":"","overlay-type":"","overlay-color":"","overlay-opacity":"","overlay-gradient":""},"mobile":{"background-color":"","background-image":"","background-repeat":"repeat","background-position":"center center","background-size":"auto","background-attachment":"scroll","background-type":"","background-media":"","overlay-type":"","overlay-color":"","overlay-opacity":"","overlay-gradient":""}},"ast-content-background-meta":{"desktop":{"background-color":"var(--ast-global-color-5)","background-image":"","background-repeat":"repeat","background-position":"center center","background-size":"auto","background-attachment":"scroll","background-type":"","background-media":"","overlay-type":"","overlay-color":"","overlay-opacity":"","overlay-gradient":""},"tablet":{"background-color":"var(--ast-global-color-5)","background-image":"","background-repeat":"repeat","background-position":"center center","background-size":"auto","background-attachment":"scroll","background-type":"","background-media":"","overlay-type":"","overlay-color":"","overlay-opacity":"","overlay-gradient":""},"mobile":{"background-color":"var(--ast-global-color-5)","background-image":"","background-repeat":"repeat","background-position":"center center","background-size":"auto","background-attachment":"scroll","background-type":"","background-media":"","overlay-type":"","overlay-color":"","overlay-opacity":"","overlay-gradient":""}},"footnotes":""},"class_list":["post-223","page","type-page","status-publish","hentry"],"yoast_head":"<!-- This site is optimized with the Yoast SEO plugin v27.5 - https:\/\/yoast.com\/product\/yoast-seo-wordpress\/ -->\n<title>24m\u00f6bler Nya och begagnade m\u00f6bler<\/title>\n<meta name=\"description\" content=\"24m\u00f6bler En hemsida f\u00f6r f\u00f6rs\u00e4ljning av nya och begagnade m\u00f6bler med snabb leverans.Begagnade m\u00f6bler av h\u00f6g kvalitet\" \/>\n<meta name=\"robots\" content=\"index, follow, max-snippet:-1, max-image-preview:large, max-video-preview:-1\" \/>\n<link rel=\"canonical\" href=\"https:\/\/24mobler.se\/en\/24mobler\/\" \/>\n<meta property=\"og:locale\" content=\"en_GB\" \/>\n<meta property=\"og:type\" content=\"article\" \/>\n<meta property=\"og:title\" content=\"24m\u00f6bler Nya och begagnade m\u00f6bler\" \/>\n<meta property=\"og:description\" content=\"24m\u00f6bler En hemsida f\u00f6r f\u00f6rs\u00e4ljning av nya och begagnade m\u00f6bler med snabb leverans.Begagnade m\u00f6bler av h\u00f6g kvalitet\" \/>\n<meta property=\"og:url\" content=\"https:\/\/24mobler.se\/en\/24mobler\/\" \/>\n<meta property=\"og:site_name\" content=\"24m\u00f6bler\" \/>\n<meta property=\"article:modified_time\" content=\"2022-01-28T09:06:41+00:00\" \/>\n<meta name=\"twitter:card\" content=\"summary_large_image\" \/>\n<script type=\"application\/ld+json\" class=\"yoast-schema-graph\">{\"@context\":\"https:\\\/\\\/schema.org\",\"@graph\":[{\"@type\":\"WebPage\",\"@id\":\"https:\\\/\\\/24mobler.se\\\/24mobler\\\/\",\"url\":\"https:\\\/\\\/24mobler.se\\\/24mobler\\\/\",\"name\":\"24m\u00f6bler Nya och begagnade m\u00f6bler\",\"isPartOf\":{\"@id\":\"https:\\\/\\\/24mobler.se\\\/#website\"},\"datePublished\":\"2021-10-17T19:41:11+00:00\",\"dateModified\":\"2022-01-28T09:06:41+00:00\",\"description\":\"24m\u00f6bler En hemsida f\u00f6r f\u00f6rs\u00e4ljning av nya och begagnade m\u00f6bler med snabb leverans.Begagnade m\u00f6bler av h\u00f6g kvalitet\",\"breadcrumb\":{\"@id\":\"https:\\\/\\\/24mobler.se\\\/24mobler\\\/#breadcrumb\"},\"inLanguage\":\"en-GB\",\"potentialAction\":[{\"@type\":\"ReadAction\",\"target\":[\"https:\\\/\\\/24mobler.se\\\/24mobler\\\/\"]}]},{\"@type\":\"BreadcrumbList\",\"@id\":\"https:\\\/\\\/24mobler.se\\\/24mobler\\\/#breadcrumb\",\"itemListElement\":[{\"@type\":\"ListItem\",\"position\":1,\"name\":\"Home\",\"item\":\"https:\\\/\\\/24mobler.se\\\/\"},{\"@type\":\"ListItem\",\"position\":2,\"name\":\"HOME\"}]},{\"@type\":\"WebSite\",\"@id\":\"https:\\\/\\\/24mobler.se\\\/#website\",\"url\":\"https:\\\/\\\/24mobler.se\\\/\",\"name\":\"24m\u00f6bler\",\"description\":\"Nya &amp; begagnade m\u00f6bler\",\"publisher\":{\"@id\":\"https:\\\/\\\/24mobler.se\\\/#organization\"},\"potentialAction\":[{\"@type\":\"SearchAction\",\"target\":{\"@type\":\"EntryPoint\",\"urlTemplate\":\"https:\\\/\\\/24mobler.se\\\/?s={search_term_string}\"},\"query-input\":{\"@type\":\"PropertyValueSpecification\",\"valueRequired\":true,\"valueName\":\"search_term_string\"}}],\"inLanguage\":\"en-GB\"},{\"@type\":\"Organization\",\"@id\":\"https:\\\/\\\/24mobler.se\\\/#organization\",\"name\":\"m\u00f6bler\",\"url\":\"https:\\\/\\\/24mobler.se\\\/\",\"logo\":{\"@type\":\"ImageObject\",\"inLanguage\":\"en-GB\",\"@id\":\"https:\\\/\\\/24mobler.se\\\/#\\\/schema\\\/logo\\\/image\\\/\",\"url\":\"https:\\\/\\\/24mobler.se\\\/wp-content\\\/uploads\\\/2022\\\/01\\\/Group-23.png\",\"contentUrl\":\"https:\\\/\\\/24mobler.se\\\/wp-content\\\/uploads\\\/2022\\\/01\\\/Group-23.png\",\"width\":899,\"height\":155,\"caption\":\"m\u00f6bler\"},\"image\":{\"@id\":\"https:\\\/\\\/24mobler.se\\\/#\\\/schema\\\/logo\\\/image\\\/\"}}]}<\/script>\n<!-- \/ Yoast SEO plugin. -->","yoast_head_json":{"title":"24m\u00f6bler Nya och begagnade m\u00f6bler","description":"24m\u00f6bler En hemsida f\u00f6r f\u00f6rs\u00e4ljning av nya och begagnade m\u00f6bler med snabb leverans.Begagnade m\u00f6bler av h\u00f6g kvalitet","robots":{"index":"index","follow":"follow","max-snippet":"max-snippet:-1","max-image-preview":"max-image-preview:large","max-video-preview":"max-video-preview:-1"},"canonical":"https:\/\/24mobler.se\/en\/24mobler\/","og_locale":"en_GB","og_type":"article","og_title":"24m\u00f6bler Nya och begagnade m\u00f6bler","og_description":"24m\u00f6bler En hemsida f\u00f6r f\u00f6rs\u00e4ljning av nya och begagnade m\u00f6bler med snabb leverans.Begagnade m\u00f6bler av h\u00f6g kvalitet","og_url":"https:\/\/24mobler.se\/en\/24mobler\/","og_site_name":"24m\u00f6bler","article_modified_time":"2022-01-28T09:06:41+00:00","twitter_card":"summary_large_image","schema":{"@context":"https:\/\/schema.org","@graph":[{"@type":"WebPage","@id":"https:\/\/24mobler.se\/24mobler\/","url":"https:\/\/24mobler.se\/24mobler\/","name":"24m\u00f6bler Nya och begagnade m\u00f6bler","isPartOf":{"@id":"https:\/\/24mobler.se\/#website"},"datePublished":"2021-10-17T19:41:11+00:00","dateModified":"2022-01-28T09:06:41+00:00","description":"24m\u00f6bler En hemsida f\u00f6r f\u00f6rs\u00e4ljning av nya och begagnade m\u00f6bler med snabb leverans.Begagnade m\u00f6bler av h\u00f6g kvalitet","breadcrumb":{"@id":"https:\/\/24mobler.se\/24mobler\/#breadcrumb"},"inLanguage":"en-GB","potentialAction":[{"@type":"ReadAction","target":["https:\/\/24mobler.se\/24mobler\/"]}]},{"@type":"BreadcrumbList","@id":"https:\/\/24mobler.se\/24mobler\/#breadcrumb","itemListElement":[{"@type":"ListItem","position":1,"name":"Home","item":"https:\/\/24mobler.se\/"},{"@type":"ListItem","position":2,"name":"HOME"}]},{"@type":"WebSite","@id":"https:\/\/24mobler.se\/#website","url":"https:\/\/24mobler.se\/","name":"24m\u00f6bler","description":"Nya &amp; begagnade m\u00f6bler","publisher":{"@id":"https:\/\/24mobler.se\/#organization"},"potentialAction":[{"@type":"SearchAction","target":{"@type":"EntryPoint","urlTemplate":"https:\/\/24mobler.se\/?s={search_term_string}"},"query-input":{"@type":"PropertyValueSpecification","valueRequired":true,"valueName":"search_term_string"}}],"inLanguage":"en-GB"},{"@type":"Organization","@id":"https:\/\/24mobler.se\/#organization","name":"m\u00f6bler","url":"https:\/\/24mobler.se\/","logo":{"@type":"ImageObject","inLanguage":"en-GB","@id":"https:\/\/24mobler.se\/#\/schema\/logo\/image\/","url":"https:\/\/24mobler.se\/wp-content\/uploads\/2022\/01\/Group-23.png","contentUrl":"https:\/\/24mobler.se\/wp-content\/uploads\/2022\/01\/Group-23.png","width":899,"height":155,"caption":"m\u00f6bler"},"image":{"@id":"https:\/\/24mobler.se\/#\/schema\/logo\/image\/"}}]}},"_links":{"self":[{"href":"https:\/\/24mobler.se\/en\/wp-json\/wp\/v2\/pages\/223","targetHints":{"allow":["GET"]}}],"collection":[{"href":"https:\/\/24mobler.se\/en\/wp-json\/wp\/v2\/pages"}],"about":[{"href":"https:\/\/24mobler.se\/en\/wp-json\/wp\/v2\/types\/page"}],"author":[{"embeddable":true,"href":"https:\/\/24mobler.se\/en\/wp-json\/wp\/v2\/users\/2"}],"replies":[{"embeddable":true,"href":"https:\/\/24mobler.se\/en\/wp-json\/wp\/v2\/comments?post=223"}],"version-history":[{"count":5,"href":"https:\/\/24mobler.se\/en\/wp-json\/wp\/v2\/pages\/223\/revisions"}],"predecessor-version":[{"id":13929,"href":"https:\/\/24mobler.se\/en\/wp-json\/wp\/v2\/pages\/223\/revisions\/13929"}],"wp:attachment":[{"href":"https:\/\/24mobler.se\/en\/wp-json\/wp\/v2\/media?parent=223"}],"curies":[{"name":"wp","href":"https:\/\/api.w.org\/{rel}","templated":true}]}}