{"id":11721,"date":"2021-10-17T19:46:52","date_gmt":"2021-10-17T19:46:52","guid":{"rendered":"http:\/\/24mobler.se\/?page_id=11721"},"modified":"2021-10-30T02:41:11","modified_gmt":"2021-10-30T02:41:11","slug":"elementor-11721","status":"publish","type":"page","link":"https:\/\/24mobler.se\/en\/elementor-11721\/","title":{"rendered":"Elementor #11721"},"content":{"rendered":"<div data-elementor-type=\"wp-page\" data-elementor-id=\"11721\" class=\"elementor elementor-11721\">\n\t\t\t\t\t\t<section class=\"elementor-section elementor-top-section elementor-element elementor-element-24471d33 elementor-section-height-min-height elementor-section-boxed elementor-section-height-default elementor-section-items-middle\" data-id=\"24471d33\" data-element_type=\"section\" data-e-type=\"section\" data-settings=\"{&quot;background_background&quot;:&quot;classic&quot;}\">\n\t\t\t\t\t\t\t<div class=\"elementor-background-overlay\"><\/div>\n\t\t\t\t\t\t\t<div class=\"elementor-container elementor-column-gap-default\">\n\t\t\t\t\t<div class=\"elementor-column elementor-col-100 elementor-top-column elementor-element elementor-element-4000cfad\" data-id=\"4000cfad\" data-element_type=\"column\" data-e-type=\"column\" data-settings=\"{&quot;background_background&quot;:&quot;classic&quot;}\">\n\t\t\t<div class=\"elementor-widget-wrap\">\n\t\t\t\t\t\t\t<\/div>\n\t\t<\/div>\n\t\t\t\t\t<\/div>\n\t\t<\/section>\n\t\t\t\t<section class=\"elementor-section elementor-top-section elementor-element elementor-element-7cb9fbbb elementor-section-height-min-height elementor-section-items-stretch elementor-section-boxed elementor-section-height-default\" data-id=\"7cb9fbbb\" data-element_type=\"section\" data-e-type=\"section\" data-settings=\"{&quot;background_background&quot;:&quot;classic&quot;}\">\n\t\t\t\t\t\t<div class=\"elementor-container elementor-column-gap-default\">\n\t\t\t\t\t<div class=\"elementor-column elementor-col-100 elementor-top-column elementor-element elementor-element-b813e34\" data-id=\"b813e34\" data-element_type=\"column\" data-e-type=\"column\" data-settings=\"{&quot;background_background&quot;:&quot;classic&quot;}\">\n\t\t\t<div class=\"elementor-widget-wrap elementor-element-populated\">\n\t\t\t\t\t\t<div class=\"elementor-element elementor-element-6fea3def elementor-widget elementor-widget-heading\" data-id=\"6fea3def\" data-element_type=\"widget\" data-e-type=\"widget\" data-widget_type=\"heading.default\">\n\t\t\t\t<div class=\"elementor-widget-container\">\n\t\t\t\t\t<h1 class=\"elementor-heading-title elementor-size-default\">Flyttar du i Stockholmsomr\u00e5det?<\/h1>\t\t\t\t<\/div>\n\t\t\t\t<\/div>\n\t\t\t\t\t<\/div>\n\t\t<\/div>\n\t\t\t\t\t<\/div>\n\t\t<\/section>\n\t\t\t\t<section class=\"elementor-section elementor-top-section elementor-element elementor-element-9329434 elementor-section-boxed elementor-section-height-default elementor-section-height-default\" data-id=\"9329434\" data-element_type=\"section\" data-e-type=\"section\">\n\t\t\t\t\t\t<div class=\"elementor-container elementor-column-gap-default\">\n\t\t\t\t\t<div class=\"elementor-column elementor-col-100 elementor-top-column elementor-element elementor-element-69259ec\" data-id=\"69259ec\" data-element_type=\"column\" data-e-type=\"column\">\n\t\t\t<div class=\"elementor-widget-wrap elementor-element-populated\">\n\t\t\t\t\t\t<div class=\"elementor-element elementor-element-2baa3d2 elementor-widget elementor-widget-text-editor\" data-id=\"2baa3d2\" data-element_type=\"widget\" data-e-type=\"widget\" data-widget_type=\"text-editor.default\">\n\t\t\t\t<div class=\"elementor-widget-container\">\n\t\t\t\t\t\t\t\t\tD\u00e5 \u00e4r vi precis r\u00e4tt f\u00f6r dig!\n\nNej, vi \u00e4r inte bara \u00e4nnu en flyttfirma\n\nDet g\u00f6r vi s\u00e5klart ocks\u00e5, men bara som en av v\u00e5ra tj\u00e4nster.\nVi hj\u00e4lper dig med ALLT du\nbeh\u00f6ver medan du planerar,\nmedan du flyttar och n\u00e4r du \u00e4r klar med den.\n\nVi erbjuder dig att packa och f\u00f6rvara dina m\u00f6bler och l\u00e5dor i v\u00e5r lager.\t\t\t\t\t\t\t\t<\/div>\n\t\t\t\t<\/div>\n\t\t\t\t\t<\/div>\n\t\t<\/div>\n\t\t\t\t\t<\/div>\n\t\t<\/section>\n\t\t\t\t<section class=\"elementor-section elementor-top-section elementor-element elementor-element-878319f elementor-section-boxed elementor-section-height-default elementor-section-height-default\" data-id=\"878319f\" data-element_type=\"section\" data-e-type=\"section\">\n\t\t\t\t\t\t<div class=\"elementor-container elementor-column-gap-default\">\n\t\t\t\t\t<div class=\"elementor-column elementor-col-50 elementor-top-column elementor-element elementor-element-63a9077\" data-id=\"63a9077\" data-element_type=\"column\" data-e-type=\"column\" data-settings=\"{&quot;background_background&quot;:&quot;classic&quot;}\">\n\t\t\t<div class=\"elementor-widget-wrap elementor-element-populated\">\n\t\t\t\t\t\t<div class=\"elementor-element elementor-element-f2fe0c2 elementor-widget elementor-widget-text-editor\" data-id=\"f2fe0c2\" data-element_type=\"widget\" data-e-type=\"widget\" data-widget_type=\"text-editor.default\">\n\t\t\t\t<div class=\"elementor-widget-container\">\n\t\t\t\t\t\t\t\t\tVi st\u00e4dar \u00e5t dig efter att du flyttat ut.\nOm du \u00e4r \u00e4garen till den plats du flyttar fr\u00e5n s\u00e5 r\u00e4kna med att vi g\u00f6r det\n\n<p><p>Homestyling av din l\u00e4genhet\/hus.\n\nMed denna tj\u00e4nst kommer vi att \u00f6ka din plats p\u00e5 en h\u00f6gre estetisk niv\u00e5 och det kommer att f\u00e5 ett h\u00f6gre pris p\u00e5 marknaden h\u00f6gre estetisk niv\u00e5 och det kommer att bidra till\nen h\u00f6gre estetisk niv\u00e5 och det kommer att f\u00e5 ett h\u00f6gre pris p\u00e5 marknaden\n\n<p><p>Och det sista vi erbjuder, v\u00e5r fr\u00e4msta expertis,\n\u00e4r Second hand m\u00f6bler.\nVi gillar att s\u00e4ga att vi \u00e4r billigare \u00e4n IKEA,\nn\u00e5got som BLOCKET och snabbare\n\u00e4n POST NORD.\nVi erbjuder begagnade m\u00f6bler till rimliga priser som \u00e4r i gott skick!\nmed expressleverans.\nMed uttryckligt menar vi \u2013 best\u00e4ll idag, f\u00e5 idag\t\t\t\t\t\t\t\t<\/div>\n\t\t\t\t<\/div>\n\t\t\t\t\t<\/div>\n\t\t<\/div>\n\t\t\t\t<div class=\"elementor-column elementor-col-50 elementor-top-column elementor-element elementor-element-cb893a5\" data-id=\"cb893a5\" data-element_type=\"column\" data-e-type=\"column\">\n\t\t\t<div class=\"elementor-widget-wrap elementor-element-populated\">\n\t\t\t\t\t\t<div class=\"elementor-element elementor-element-e1ed8db elementor-widget elementor-widget-image\" data-id=\"e1ed8db\" data-element_type=\"widget\" data-e-type=\"widget\" data-widget_type=\"image.default\">\n\t\t\t\t<div class=\"elementor-widget-container\">\n\t\t\t\t\t\t\t\t\t\t\t\t\t\t\t<img fetchpriority=\"high\" decoding=\"async\" width=\"1024\" height=\"1024\" src=\"https:\/\/24mobler.se\/wp-content\/uploads\/2021\/10\/moving-boxes-carton-boxes-stack-of-moving-boxes-4118678-1024x1024.png\" class=\"attachment-large size-large wp-image-7920\" alt=\"moving boxes carton boxes stack of moving boxes 4118678\" srcset=\"https:\/\/24mobler.se\/wp-content\/uploads\/2021\/10\/moving-boxes-carton-boxes-stack-of-moving-boxes-4118678-1024x1024.png 1024w, https:\/\/24mobler.se\/wp-content\/uploads\/2021\/10\/moving-boxes-carton-boxes-stack-of-moving-boxes-4118678-600x600.png 600w, https:\/\/24mobler.se\/wp-content\/uploads\/2021\/10\/moving-boxes-carton-boxes-stack-of-moving-boxes-4118678-100x100.png 100w, https:\/\/24mobler.se\/wp-content\/uploads\/2021\/10\/moving-boxes-carton-boxes-stack-of-moving-boxes-4118678-800x800.png 800w, https:\/\/24mobler.se\/wp-content\/uploads\/2021\/10\/moving-boxes-carton-boxes-stack-of-moving-boxes-4118678-450x450.png 450w, https:\/\/24mobler.se\/wp-content\/uploads\/2021\/10\/moving-boxes-carton-boxes-stack-of-moving-boxes-4118678-150x150.png 150w, https:\/\/24mobler.se\/wp-content\/uploads\/2021\/10\/moving-boxes-carton-boxes-stack-of-moving-boxes-4118678-768x768.png 768w, https:\/\/24mobler.se\/wp-content\/uploads\/2021\/10\/moving-boxes-carton-boxes-stack-of-moving-boxes-4118678-32x32.png 32w, https:\/\/24mobler.se\/wp-content\/uploads\/2021\/10\/moving-boxes-carton-boxes-stack-of-moving-boxes-4118678.png 1280w\" sizes=\"(max-width: 1024px) 100vw, 1024px\" \/>\t\t\t\t\t\t\t\t\t\t\t\t\t\t\t<\/div>\n\t\t\t\t<\/div>\n\t\t\t\t\t<\/div>\n\t\t<\/div>\n\t\t\t\t\t<\/div>\n\t\t<\/section>\n\t\t\t\t<section class=\"elementor-section elementor-top-section elementor-element elementor-element-d510b5d elementor-section-height-min-height elementor-section-items-stretch elementor-section-boxed elementor-section-height-default\" data-id=\"d510b5d\" data-element_type=\"section\" data-e-type=\"section\" data-settings=\"{&quot;background_background&quot;:&quot;classic&quot;}\">\n\t\t\t\t\t\t<div class=\"elementor-container elementor-column-gap-default\">\n\t\t\t\t\t<div class=\"elementor-column elementor-col-100 elementor-top-column elementor-element elementor-element-5aa90f2\" data-id=\"5aa90f2\" data-element_type=\"column\" data-e-type=\"column\" data-settings=\"{&quot;background_background&quot;:&quot;classic&quot;}\">\n\t\t\t<div class=\"elementor-widget-wrap elementor-element-populated\">\n\t\t\t\t\t\t<div class=\"elementor-element elementor-element-487f5c1 elementor-widget elementor-widget-text-editor\" data-id=\"487f5c1\" data-element_type=\"widget\" data-e-type=\"widget\" data-widget_type=\"text-editor.default\">\n\t\t\t\t<div class=\"elementor-widget-container\">\n\t\t\t\t\t\t\t\t\tStop waisting you time and money by searching around other solutions because we have everything you need!\nLet us do the stressful work instead of you\nand you just use the saved money for something else instead.\t\t\t\t\t\t\t\t<\/div>\n\t\t\t\t<\/div>\n\t\t\t\t\t<\/div>\n\t\t<\/div>\n\t\t\t\t\t<\/div>\n\t\t<\/section>\n\t\t\t\t<\/div>","protected":false},"excerpt":{"rendered":"<p>Flyttar du i Stockholmsomr\u00e5det? D\u00e5 \u00e4r vi precis r\u00e4tt f\u00f6r dig! Nej, vi \u00e4r inte bara \u00e4nnu en flyttfirma Det g\u00f6r vi s\u00e5klart ocks\u00e5, men bara som en av v\u00e5ra tj\u00e4nster. Vi hj\u00e4lper dig med ALLT du beh\u00f6ver medan du planerar, medan du flyttar och n\u00e4r du \u00e4r klar med den. Vi erbjuder dig att [&hellip;]<\/p>\n","protected":false},"author":2,"featured_media":0,"parent":0,"menu_order":0,"comment_status":"closed","ping_status":"closed","template":"elementor_header_footer","meta":{"_monsterinsights_skip_tracking":false,"_monsterinsights_sitenote_active":false,"_monsterinsights_sitenote_note":"","_monsterinsights_sitenote_category":0,"site-sidebar-layout":"no-sidebar","site-content-layout":"page-builder","ast-site-content-layout":"default","site-content-style":"default","site-sidebar-style":"default","ast-global-header-display":"","ast-banner-title-visibility":"","ast-main-header-display":"","ast-hfb-above-header-display":"","ast-hfb-below-header-display":"","ast-hfb-mobile-header-display":"","site-post-title":"disabled","ast-breadcrumbs-content":"","ast-featured-img":"disabled","footer-sml-layout":"","ast-disable-related-posts":"","theme-transparent-header-meta":"disabled","adv-header-id-meta":"","stick-header-meta":"","header-above-stick-meta":"","header-main-stick-meta":"","header-below-stick-meta":"","astra-migrate-meta-layouts":"default","ast-page-background-enabled":"default","ast-page-background-meta":{"desktop":{"background-color":"var(--ast-global-color-4)","background-image":"","background-repeat":"repeat","background-position":"center center","background-size":"auto","background-attachment":"scroll","background-type":"","background-media":"","overlay-type":"","overlay-color":"","overlay-opacity":"","overlay-gradient":""},"tablet":{"background-color":"","background-image":"","background-repeat":"repeat","background-position":"center center","background-size":"auto","background-attachment":"scroll","background-type":"","background-media":"","overlay-type":"","overlay-color":"","overlay-opacity":"","overlay-gradient":""},"mobile":{"background-color":"","background-image":"","background-repeat":"repeat","background-position":"center center","background-size":"auto","background-attachment":"scroll","background-type":"","background-media":"","overlay-type":"","overlay-color":"","overlay-opacity":"","overlay-gradient":""}},"ast-content-background-meta":{"desktop":{"background-color":"var(--ast-global-color-5)","background-image":"","background-repeat":"repeat","background-position":"center center","background-size":"auto","background-attachment":"scroll","background-type":"","background-media":"","overlay-type":"","overlay-color":"","overlay-opacity":"","overlay-gradient":""},"tablet":{"background-color":"var(--ast-global-color-5)","background-image":"","background-repeat":"repeat","background-position":"center center","background-size":"auto","background-attachment":"scroll","background-type":"","background-media":"","overlay-type":"","overlay-color":"","overlay-opacity":"","overlay-gradient":""},"mobile":{"background-color":"var(--ast-global-color-5)","background-image":"","background-repeat":"repeat","background-position":"center center","background-size":"auto","background-attachment":"scroll","background-type":"","background-media":"","overlay-type":"","overlay-color":"","overlay-opacity":"","overlay-gradient":""}},"footnotes":""},"class_list":["post-11721","page","type-page","status-publish","hentry"],"yoast_head":"<!-- This site is optimized with the Yoast SEO plugin v27.5 - https:\/\/yoast.com\/product\/yoast-seo-wordpress\/ -->\n<title>Elementor #11721 - 24m\u00f6bler<\/title>\n<meta name=\"robots\" content=\"index, follow, max-snippet:-1, max-image-preview:large, max-video-preview:-1\" \/>\n<link rel=\"canonical\" href=\"https:\/\/24mobler.se\/en\/elementor-11721\/\" \/>\n<meta property=\"og:locale\" content=\"en_GB\" \/>\n<meta property=\"og:type\" content=\"article\" \/>\n<meta property=\"og:title\" content=\"Elementor #11721 - 24m\u00f6bler\" \/>\n<meta property=\"og:description\" content=\"Flyttar du i Stockholmsomr\u00e5det? D\u00e5 \u00e4r vi precis r\u00e4tt f\u00f6r dig! Nej, vi \u00e4r inte bara \u00e4nnu en flyttfirma Det g\u00f6r vi s\u00e5klart ocks\u00e5, men bara som en av v\u00e5ra tj\u00e4nster. Vi hj\u00e4lper dig med ALLT du beh\u00f6ver medan du planerar, medan du flyttar och n\u00e4r du \u00e4r klar med den. Vi erbjuder dig att [&hellip;]\" \/>\n<meta property=\"og:url\" content=\"https:\/\/24mobler.se\/en\/elementor-11721\/\" \/>\n<meta property=\"og:site_name\" content=\"24m\u00f6bler\" \/>\n<meta property=\"article:modified_time\" content=\"2021-10-30T02:41:11+00:00\" \/>\n<meta property=\"og:image\" content=\"http:\/\/24mobler.se\/wp-content\/uploads\/2021\/10\/moving-boxes-carton-boxes-stack-of-moving-boxes-4118678-1024x1024.png\" \/>\n<meta name=\"twitter:card\" content=\"summary_large_image\" \/>\n<meta name=\"twitter:label1\" content=\"Estimated reading time\" \/>\n\t<meta name=\"twitter:data1\" content=\"1 minute\" \/>\n<script type=\"application\/ld+json\" class=\"yoast-schema-graph\">{\"@context\":\"https:\\\/\\\/schema.org\",\"@graph\":[{\"@type\":\"WebPage\",\"@id\":\"https:\\\/\\\/24mobler.se\\\/elementor-11721\\\/\",\"url\":\"https:\\\/\\\/24mobler.se\\\/elementor-11721\\\/\",\"name\":\"Elementor #11721 - 24m\u00f6bler\",\"isPartOf\":{\"@id\":\"https:\\\/\\\/24mobler.se\\\/#website\"},\"primaryImageOfPage\":{\"@id\":\"https:\\\/\\\/24mobler.se\\\/elementor-11721\\\/#primaryimage\"},\"image\":{\"@id\":\"https:\\\/\\\/24mobler.se\\\/elementor-11721\\\/#primaryimage\"},\"thumbnailUrl\":\"http:\\\/\\\/24mobler.se\\\/wp-content\\\/uploads\\\/2021\\\/10\\\/moving-boxes-carton-boxes-stack-of-moving-boxes-4118678-1024x1024.png\",\"datePublished\":\"2021-10-17T19:46:52+00:00\",\"dateModified\":\"2021-10-30T02:41:11+00:00\",\"breadcrumb\":{\"@id\":\"https:\\\/\\\/24mobler.se\\\/elementor-11721\\\/#breadcrumb\"},\"inLanguage\":\"en-GB\",\"potentialAction\":[{\"@type\":\"ReadAction\",\"target\":[\"https:\\\/\\\/24mobler.se\\\/elementor-11721\\\/\"]}]},{\"@type\":\"ImageObject\",\"inLanguage\":\"en-GB\",\"@id\":\"https:\\\/\\\/24mobler.se\\\/elementor-11721\\\/#primaryimage\",\"url\":\"http:\\\/\\\/24mobler.se\\\/wp-content\\\/uploads\\\/2021\\\/10\\\/moving-boxes-carton-boxes-stack-of-moving-boxes-4118678-1024x1024.png\",\"contentUrl\":\"http:\\\/\\\/24mobler.se\\\/wp-content\\\/uploads\\\/2021\\\/10\\\/moving-boxes-carton-boxes-stack-of-moving-boxes-4118678-1024x1024.png\"},{\"@type\":\"BreadcrumbList\",\"@id\":\"https:\\\/\\\/24mobler.se\\\/elementor-11721\\\/#breadcrumb\",\"itemListElement\":[{\"@type\":\"ListItem\",\"position\":1,\"name\":\"Home\",\"item\":\"https:\\\/\\\/24mobler.se\\\/\"},{\"@type\":\"ListItem\",\"position\":2,\"name\":\"Elementor #11721\"}]},{\"@type\":\"WebSite\",\"@id\":\"https:\\\/\\\/24mobler.se\\\/#website\",\"url\":\"https:\\\/\\\/24mobler.se\\\/\",\"name\":\"24m\u00f6bler\",\"description\":\"Nya &amp; begagnade m\u00f6bler\",\"publisher\":{\"@id\":\"https:\\\/\\\/24mobler.se\\\/#organization\"},\"potentialAction\":[{\"@type\":\"SearchAction\",\"target\":{\"@type\":\"EntryPoint\",\"urlTemplate\":\"https:\\\/\\\/24mobler.se\\\/?s={search_term_string}\"},\"query-input\":{\"@type\":\"PropertyValueSpecification\",\"valueRequired\":true,\"valueName\":\"search_term_string\"}}],\"inLanguage\":\"en-GB\"},{\"@type\":\"Organization\",\"@id\":\"https:\\\/\\\/24mobler.se\\\/#organization\",\"name\":\"m\u00f6bler\",\"url\":\"https:\\\/\\\/24mobler.se\\\/\",\"logo\":{\"@type\":\"ImageObject\",\"inLanguage\":\"en-GB\",\"@id\":\"https:\\\/\\\/24mobler.se\\\/#\\\/schema\\\/logo\\\/image\\\/\",\"url\":\"https:\\\/\\\/24mobler.se\\\/wp-content\\\/uploads\\\/2022\\\/01\\\/Group-23.png\",\"contentUrl\":\"https:\\\/\\\/24mobler.se\\\/wp-content\\\/uploads\\\/2022\\\/01\\\/Group-23.png\",\"width\":899,\"height\":155,\"caption\":\"m\u00f6bler\"},\"image\":{\"@id\":\"https:\\\/\\\/24mobler.se\\\/#\\\/schema\\\/logo\\\/image\\\/\"}}]}<\/script>\n<!-- \/ Yoast SEO plugin. -->","yoast_head_json":{"title":"Elementor #11721 - 24m\u00f6bler","robots":{"index":"index","follow":"follow","max-snippet":"max-snippet:-1","max-image-preview":"max-image-preview:large","max-video-preview":"max-video-preview:-1"},"canonical":"https:\/\/24mobler.se\/en\/elementor-11721\/","og_locale":"en_GB","og_type":"article","og_title":"Elementor #11721 - 24m\u00f6bler","og_description":"Flyttar du i Stockholmsomr\u00e5det? D\u00e5 \u00e4r vi precis r\u00e4tt f\u00f6r dig! Nej, vi \u00e4r inte bara \u00e4nnu en flyttfirma Det g\u00f6r vi s\u00e5klart ocks\u00e5, men bara som en av v\u00e5ra tj\u00e4nster. Vi hj\u00e4lper dig med ALLT du beh\u00f6ver medan du planerar, medan du flyttar och n\u00e4r du \u00e4r klar med den. Vi erbjuder dig att [&hellip;]","og_url":"https:\/\/24mobler.se\/en\/elementor-11721\/","og_site_name":"24m\u00f6bler","article_modified_time":"2021-10-30T02:41:11+00:00","og_image":[{"url":"http:\/\/24mobler.se\/wp-content\/uploads\/2021\/10\/moving-boxes-carton-boxes-stack-of-moving-boxes-4118678-1024x1024.png","type":"","width":"","height":""}],"twitter_card":"summary_large_image","twitter_misc":{"Estimated reading time":"1 minute"},"schema":{"@context":"https:\/\/schema.org","@graph":[{"@type":"WebPage","@id":"https:\/\/24mobler.se\/elementor-11721\/","url":"https:\/\/24mobler.se\/elementor-11721\/","name":"Elementor #11721 - 24m\u00f6bler","isPartOf":{"@id":"https:\/\/24mobler.se\/#website"},"primaryImageOfPage":{"@id":"https:\/\/24mobler.se\/elementor-11721\/#primaryimage"},"image":{"@id":"https:\/\/24mobler.se\/elementor-11721\/#primaryimage"},"thumbnailUrl":"http:\/\/24mobler.se\/wp-content\/uploads\/2021\/10\/moving-boxes-carton-boxes-stack-of-moving-boxes-4118678-1024x1024.png","datePublished":"2021-10-17T19:46:52+00:00","dateModified":"2021-10-30T02:41:11+00:00","breadcrumb":{"@id":"https:\/\/24mobler.se\/elementor-11721\/#breadcrumb"},"inLanguage":"en-GB","potentialAction":[{"@type":"ReadAction","target":["https:\/\/24mobler.se\/elementor-11721\/"]}]},{"@type":"ImageObject","inLanguage":"en-GB","@id":"https:\/\/24mobler.se\/elementor-11721\/#primaryimage","url":"http:\/\/24mobler.se\/wp-content\/uploads\/2021\/10\/moving-boxes-carton-boxes-stack-of-moving-boxes-4118678-1024x1024.png","contentUrl":"http:\/\/24mobler.se\/wp-content\/uploads\/2021\/10\/moving-boxes-carton-boxes-stack-of-moving-boxes-4118678-1024x1024.png"},{"@type":"BreadcrumbList","@id":"https:\/\/24mobler.se\/elementor-11721\/#breadcrumb","itemListElement":[{"@type":"ListItem","position":1,"name":"Home","item":"https:\/\/24mobler.se\/"},{"@type":"ListItem","position":2,"name":"Elementor #11721"}]},{"@type":"WebSite","@id":"https:\/\/24mobler.se\/#website","url":"https:\/\/24mobler.se\/","name":"24m\u00f6bler","description":"Nya &amp; begagnade m\u00f6bler","publisher":{"@id":"https:\/\/24mobler.se\/#organization"},"potentialAction":[{"@type":"SearchAction","target":{"@type":"EntryPoint","urlTemplate":"https:\/\/24mobler.se\/?s={search_term_string}"},"query-input":{"@type":"PropertyValueSpecification","valueRequired":true,"valueName":"search_term_string"}}],"inLanguage":"en-GB"},{"@type":"Organization","@id":"https:\/\/24mobler.se\/#organization","name":"m\u00f6bler","url":"https:\/\/24mobler.se\/","logo":{"@type":"ImageObject","inLanguage":"en-GB","@id":"https:\/\/24mobler.se\/#\/schema\/logo\/image\/","url":"https:\/\/24mobler.se\/wp-content\/uploads\/2022\/01\/Group-23.png","contentUrl":"https:\/\/24mobler.se\/wp-content\/uploads\/2022\/01\/Group-23.png","width":899,"height":155,"caption":"m\u00f6bler"},"image":{"@id":"https:\/\/24mobler.se\/#\/schema\/logo\/image\/"}}]}},"_links":{"self":[{"href":"https:\/\/24mobler.se\/en\/wp-json\/wp\/v2\/pages\/11721","targetHints":{"allow":["GET"]}}],"collection":[{"href":"https:\/\/24mobler.se\/en\/wp-json\/wp\/v2\/pages"}],"about":[{"href":"https:\/\/24mobler.se\/en\/wp-json\/wp\/v2\/types\/page"}],"author":[{"embeddable":true,"href":"https:\/\/24mobler.se\/en\/wp-json\/wp\/v2\/users\/2"}],"replies":[{"embeddable":true,"href":"https:\/\/24mobler.se\/en\/wp-json\/wp\/v2\/comments?post=11721"}],"version-history":[{"count":5,"href":"https:\/\/24mobler.se\/en\/wp-json\/wp\/v2\/pages\/11721\/revisions"}],"predecessor-version":[{"id":11734,"href":"https:\/\/24mobler.se\/en\/wp-json\/wp\/v2\/pages\/11721\/revisions\/11734"}],"wp:attachment":[{"href":"https:\/\/24mobler.se\/en\/wp-json\/wp\/v2\/media?parent=11721"}],"curies":[{"name":"wp","href":"https:\/\/api.w.org\/{rel}","templated":true}]}}